{"id":2014578,"date":"2011-10-14T17:41:19","date_gmt":"2011-10-14T13:41:19","guid":{"rendered":"https:\/\/www.staging.hallodubai.com\/?page_id=2014578"},"modified":"2024-03-09T22:36:43","modified_gmt":"2024-03-09T18:36:43","slug":"%d8%a7%d9%84%d8%ac%d9%85%d8%a7%d8%b1%d9%83-%d9%88%d8%a7%d9%84%d9%88%d8%a7%d8%b1%d8%af%d8%a7%d8%aa","status":"publish","type":"page","link":"https:\/\/www.staging.hallodubai.com\/ar\/%d8%a7%d9%84%d8%ac%d9%85%d8%a7%d8%b1%d9%83-%d9%88%d8%a7%d9%84%d9%88%d8%a7%d8%b1%d8%af%d8%a7%d8%aa\/","title":{"rendered":"\u0627\u0644\u062c\u0645\u0627\u0631\u0643 \u0648\u0627\u0644\u0648\u0627\u0631\u062f\u0627\u062a"},"content":{"rendered":"<p><strong>Zoll-und Einfuhrregelungen f\u00fcr<strong> Dubai und die Vereinigten Arabischen Emirate<\/strong><\/strong><\/p>\n<p>I<img decoding=\"async\" loading=\"lazy\" src=\"https:\/\/www.staging.hallodubai.com\/images\/einreise\/customs.jpg\" alt=\"\" width=\"84\" height=\"91\" align=\"left\" title=\"\"><noscript><img decoding=\"async\" src=\"https:\/\/www.staging.hallodubai.com\/images\/einreise\/customs.jpg\" alt=\"\" width=\"84\" height=\"91\" align=\"left\" title=\"\"><\/noscript>n Dubai d\u00fcrfen folgende G\u00fcter zollfrei eingef\u00fchrt werden: (pro Person \u00fcber 18 Jahre). Die Regeln gelten f\u00fcr alle Z\u00f6lle &#8211; egal ob via Landesgrenzen per Auto, Flughafen oder Hafen.<\/p>\n<ul>\n<li><em class=\"style9\">Ge<\/em><em class=\"style9\">schenke im Wert von maximal AED 3000. <\/em><\/li>\n<li><em class=\"style9\">400 Zigaretten oder bis zu 50 Zigarren, oder bis zu 500 Gramm Tabak <\/em><\/li>\n<li><em class=\"style9\">4 Liter Alkohol (nur f\u00fcr Nicht-Muslime) <\/em><\/li>\n<li><em class=\"style9\">Bargeld oder Reiseschecks im Wert von maximal AED 60&#8217;000 (seit 1. September 2011 m\u00fcssen Gelder\/Schecks im Wert von mehr als AED 60.000 bei der In- und Ausreise aus den VAE deklariert werden.) Die Betr\u00e4ge m\u00fcssen lediglich deklariert werden &#8211; eine Steuer oder Geb\u00fchr muss jedoch nicht entrichtet werden. <\/em><\/li>\n<\/ul>\n<p>Am Internationalen Flughafen von Dubai gibt es in den Terminals jeweils zwei Duty Free <img decoding=\"async\" loading=\"lazy\" src=\"https:\/\/www.staging.hallodubai.com\/images\/einreise\/dutyfree.jpg\" alt=\"Dubai Duty Free am Flughafen\" width=\"113\" height=\"150\" align=\"right\" title=\"\"><noscript><img decoding=\"async\" src=\"https:\/\/www.staging.hallodubai.com\/images\/einreise\/dutyfree.jpg\" alt=\"Dubai Duty Free am Flughafen\" width=\"113\" height=\"150\" align=\"right\" title=\"\"><\/noscript>Gel\u00e4nde; eins im Abflugsterminal und ein kleineres im Ankunftsterminal. F\u00fcr Details und ein Gesch\u00e4ftsverzeichnis der Duty Free Shops besucht am besten die Website des <a class=\"blue_links\" href=\"https:\/\/www.dubaidutyfree.com\/\" target=\"_new\" rel=\"noopener noreferrer\"><strong>Dubai Duty Free.<\/strong><\/a> Die Shops \/ Restaurants\/Cafes im Dubai Duty Free sind 24 Stunden pro Tag ge\u00f6ffnet. Wer \u00fcber das Emirat Sharjah einreist, darf keinen Alkohol einf\u00fchren.<\/p>\n<p><span class=\"style10 style9\"><strong>Verbotenes!<\/strong><\/span><\/p>\n<p><strong>Der Import von jeglichen Drogen und pornographischem Material ist strengstens verboten und strafbar<\/strong>. Mitunter kann es auch vorkommen, dass Zeitschriften mit freiz\u00fcgigen Werbefotos beschlagnahmt werden.<strong> <a class=\"blue_links\" href=\"https:\/\/www.staging.hallodubai.com\/blog\/2009\/10\/welche-medikamente-darf-ich-nicht-in-die-vae-einfuehren\/\" target=\"_new\" rel=\"noopener noreferrer\">Von besonderer Wichtigkeit ist, da\u00df man keine verbotenen Medikamente importiert. <\/a><\/strong>Bitte liest euch die Liste des Gesundheitsministeriums durch.<\/p>\n<p>Ebenso verboten ist die Einfuhr von:<\/p>\n<ol>\n<li>Feuerwerk<\/li>\n<li>illegal kopierter Software oder CD&#8217;s, DVD&#8217;s<\/li>\n<li>Elfenbein<\/li>\n<li>radioaktive Substanzen<\/li>\n<li>Walkie-Talkies und \u00e4hnliche Kommunikationsmittel<\/li>\n<li>Waffen (m\u00fcssen deklariert werden)<\/li>\n<li>vom Aussterben bedrohte Tiere (CITES)<\/li>\n<\/ol>\n","protected":false},"excerpt":{"rendered":"<p>Zoll-und Einfuhrregelungen f\u00fcr Dubai und die Vereinigten Arabischen Emirate In Dubai d\u00fcrfen folgende G\u00fcter zollfrei eingef\u00fchrt werden: (pro Person \u00fcber 18 Jahre). Die Regeln gelten f\u00fcr alle Z\u00f6lle &#8211; egal ob via Landesgrenzen per Auto, Flughafen oder Hafen. Geschenke im Wert von maximal AED 3000. 400 Zigaretten oder bis zu 50 Zigarren, oder bis zu 500 Gramm Tabak 4 Liter Alkohol (nur f\u00fcr Nicht-Muslime) Bargeld oder Reiseschecks im Wert von maximal AED 60&#8217;000 (seit 1. September 2011 m\u00fcssen Gelder\/Schecks im [&hellip;]<\/p>\n","protected":false},"author":1,"featured_media":5525318,"parent":0,"menu_order":0,"comment_status":"closed","ping_status":"open","template":"","meta":{"footnotes":""},"class_list":["post-2014578","page","type-page","status-publish","has-post-thumbnail","hentry"],"_links":{"self":[{"href":"https:\/\/www.staging.hallodubai.com\/ar\/wp-json\/wp\/v2\/pages\/2014578","targetHints":{"allow":["GET"]}}],"collection":[{"href":"https:\/\/www.staging.hallodubai.com\/ar\/wp-json\/wp\/v2\/pages"}],"about":[{"href":"https:\/\/www.staging.hallodubai.com\/ar\/wp-json\/wp\/v2\/types\/page"}],"author":[{"embeddable":true,"href":"https:\/\/www.staging.hallodubai.com\/ar\/wp-json\/wp\/v2\/users\/1"}],"replies":[{"embeddable":true,"href":"https:\/\/www.staging.hallodubai.com\/ar\/wp-json\/wp\/v2\/comments?post=2014578"}],"version-history":[{"count":1,"href":"https:\/\/www.staging.hallodubai.com\/ar\/wp-json\/wp\/v2\/pages\/2014578\/revisions"}],"predecessor-version":[{"id":2014579,"href":"https:\/\/www.staging.hallodubai.com\/ar\/wp-json\/wp\/v2\/pages\/2014578\/revisions\/2014579"}],"wp:featuredmedia":[{"embeddable":true,"href":"https:\/\/www.staging.hallodubai.com\/ar\/wp-json\/wp\/v2\/media\/5525318"}],"wp:attachment":[{"href":"https:\/\/www.staging.hallodubai.com\/ar\/wp-json\/wp\/v2\/media?parent=2014578"}],"curies":[{"name":"wp","href":"https:\/\/api.w.org\/{rel}","templated":true}]}}