{"id":2014632,"date":"2011-11-01T20:11:43","date_gmt":"2011-11-01T16:11:43","guid":{"rendered":"https:\/\/www.staging.hallodubai.com\/?page_id=2014632"},"modified":"2024-03-09T23:37:32","modified_gmt":"2024-03-09T19:37:32","slug":"%d8%a7%d9%84%d8%ad%d8%a7%d9%81%d9%84%d8%a7%d8%aa-%d9%88%d8%a7%d9%84%d8%aa%d8%b1%d8%a7%d9%85-%d9%88%d8%b3%d9%8a%d8%a7%d8%b1%d8%a7%d8%aa-%d8%a7%d9%84%d8%a3%d8%ac%d8%b1%d8%a9-%d9%88%d8%a7%d9%84%d8%aa","status":"publish","type":"page","link":"https:\/\/www.staging.hallodubai.com\/ar\/%d8%a7%d9%84%d8%ad%d8%a7%d9%81%d9%84%d8%a7%d8%aa-%d9%88%d8%a7%d9%84%d8%aa%d8%b1%d8%a7%d9%85-%d9%88%d8%b3%d9%8a%d8%a7%d8%b1%d8%a7%d8%aa-%d8%a7%d9%84%d8%a3%d8%ac%d8%b1%d8%a9-%d9%88%d8%a7%d9%84%d8%aa\/","title":{"rendered":"\u0627\u0644\u062d\u0627\u0641\u0644\u0627\u062a \u0648\u0627\u0644\u062a\u0631\u0627\u0645 \u0648\u0633\u064a\u0627\u0631\u0627\u062a \u0627\u0644\u0623\u062c\u0631\u0629 \u0648\u0627\u0644\u062a\u0627\u0643\u0633\u064a \u0627\u0644\u0645\u0627\u0626\u064a"},"content":{"rendered":"<div style=\"display: none;\">\n<div id=\"ez-toc-container\" class=\"ez-toc-v2_0_78 ez-toc-wrap-right counter-hierarchy ez-toc-counter-rtl ez-toc-white ez-toc-container-direction\">\n<div class=\"ez-toc-title-container\">\n<span class=\"ez-toc-title-toggle\"><\/span><\/div>\n<nav><ul class='ez-toc-list ez-toc-list-level-1 ' ><li class='ez-toc-page-1 ez-toc-heading-level-2'><a class=\"ez-toc-link ez-toc-heading-1\" href=\"https:\/\/www.staging.hallodubai.com\/ar\/%d8%a7%d9%84%d8%ad%d8%a7%d9%81%d9%84%d8%a7%d8%aa-%d9%88%d8%a7%d9%84%d8%aa%d8%b1%d8%a7%d9%85-%d9%88%d8%b3%d9%8a%d8%a7%d8%b1%d8%a7%d8%aa-%d8%a7%d9%84%d8%a3%d8%ac%d8%b1%d8%a9-%d9%88%d8%a7%d9%84%d8%aa\/#Bus\" >Bus<\/a><\/li><li class='ez-toc-page-1 ez-toc-heading-level-2'><a class=\"ez-toc-link ez-toc-heading-2\" href=\"https:\/\/www.staging.hallodubai.com\/ar\/%d8%a7%d9%84%d8%ad%d8%a7%d9%81%d9%84%d8%a7%d8%aa-%d9%88%d8%a7%d9%84%d8%aa%d8%b1%d8%a7%d9%85-%d9%88%d8%b3%d9%8a%d8%a7%d8%b1%d8%a7%d8%aa-%d8%a7%d9%84%d8%a3%d8%ac%d8%b1%d8%a9-%d9%88%d8%a7%d9%84%d8%aa\/#Taxi\" >Taxi<\/a><\/li><li class='ez-toc-page-1 ez-toc-heading-level-2'><a class=\"ez-toc-link ez-toc-heading-3\" href=\"https:\/\/www.staging.hallodubai.com\/ar\/%d8%a7%d9%84%d8%ad%d8%a7%d9%81%d9%84%d8%a7%d8%aa-%d9%88%d8%a7%d9%84%d8%aa%d8%b1%d8%a7%d9%85-%d9%88%d8%b3%d9%8a%d8%a7%d8%b1%d8%a7%d8%aa-%d8%a7%d9%84%d8%a3%d8%ac%d8%b1%d8%a9-%d9%88%d8%a7%d9%84%d8%aa\/#Tram\" >Tram<\/a><\/li><li class='ez-toc-page-1 ez-toc-heading-level-2'><a class=\"ez-toc-link ez-toc-heading-4\" href=\"https:\/\/www.staging.hallodubai.com\/ar\/%d8%a7%d9%84%d8%ad%d8%a7%d9%81%d9%84%d8%a7%d8%aa-%d9%88%d8%a7%d9%84%d8%aa%d8%b1%d8%a7%d9%85-%d9%88%d8%b3%d9%8a%d8%a7%d8%b1%d8%a7%d8%aa-%d8%a7%d9%84%d8%a3%d8%ac%d8%b1%d8%a9-%d9%88%d8%a7%d9%84%d8%aa\/#Busse\" >Busse<\/a><\/li><li class='ez-toc-page-1 ez-toc-heading-level-2'><a class=\"ez-toc-link ez-toc-heading-5\" href=\"https:\/\/www.staging.hallodubai.com\/ar\/%d8%a7%d9%84%d8%ad%d8%a7%d9%81%d9%84%d8%a7%d8%aa-%d9%88%d8%a7%d9%84%d8%aa%d8%b1%d8%a7%d9%85-%d9%88%d8%b3%d9%8a%d8%a7%d8%b1%d8%a7%d8%aa-%d8%a7%d9%84%d8%a3%d8%ac%d8%b1%d8%a9-%d9%88%d8%a7%d9%84%d8%aa\/#Wassertaxis\" >Wassertaxis<\/a><\/li><li class='ez-toc-page-1 ez-toc-heading-level-2'><a class=\"ez-toc-link ez-toc-heading-6\" href=\"https:\/\/www.staging.hallodubai.com\/ar\/%d8%a7%d9%84%d8%ad%d8%a7%d9%81%d9%84%d8%a7%d8%aa-%d9%88%d8%a7%d9%84%d8%aa%d8%b1%d8%a7%d9%85-%d9%88%d8%b3%d9%8a%d8%a7%d8%b1%d8%a7%d8%aa-%d8%a7%d9%84%d8%a3%d8%ac%d8%b1%d8%a9-%d9%88%d8%a7%d9%84%d8%aa\/#Fahren\" >F\u00e4hren<\/a><\/li><\/ul><\/nav><\/div>\n<h2 style=\"display: none;\"><span class=\"ez-toc-section\" id=\"Bus\"><\/span>Bus<span class=\"ez-toc-section-end\"><\/span><\/h2>\n<p><img decoding=\"async\" loading=\"lazy\" style=\"display: none;\" src=\"https:\/\/staging.hallodubai.com\/wp-content\/uploads\/2011\/10\/abaya.jpg\" alt=\"Bus\" title=\"\"><noscript><img decoding=\"async\" style=\"display: none;\" src=\"https:\/\/staging.hallodubai.com\/wp-content\/uploads\/2011\/10\/abaya.jpg\" alt=\"Bus\" title=\"\"><\/noscript><br \/>\n<img decoding=\"async\" loading=\"lazy\" style=\"display: none;\" src=\"https:\/\/staging.hallodubai.com\/wp-content\/uploads\/2011\/10\/bisht.jpg\" alt=\"Bus\" title=\"\"><noscript><img decoding=\"async\" style=\"display: none;\" src=\"https:\/\/staging.hallodubai.com\/wp-content\/uploads\/2011\/10\/bisht.jpg\" alt=\"Bus\" title=\"\"><\/noscript><\/p>\n<p style=\"display: none;\">Seine Hoheit Scheich Mohammed Bin Rashid Al Maktoum, Herrscher von Dubai als auch VAE-Vizepr\u00e4sident reiste vor ein paar Tagen nach Mekka in Saudiarabien um die Umrah (kleine Pilgerfahrt) zu absolvieren. <a href=\"https:\/\/www.staging.hallodubai.com\/\">Hallo Dubai<\/a>.<a href=\"https:\/\/mmtips.xyz\" target=\"_blank\" rel=\"noopener\">MM Tips<\/a> Die Umrah im Fastenmonat zu absolvieren ist f\u00fcr viele ein wichtiger Bestandteil des Monats, obwohl es nicht obligatorisch ist.<\/p>\n<\/div>\n<p>Alle \u00f6ffentlichen Verkehrsmittel in Dubai sind sehr gut, preiswert und zuverl\u00e4\u00dfig. Neben der <a title=\"Dubai Metro\" href=\"https:\/\/staging.hallodubai.com\/dubaimetro.html\">Metro<\/a> gibt es im Emirat auch Busse, Tram, Taxis, Wassertaxis und F\u00e4hren.<\/p>\n<h2><span class=\"ez-toc-section\" id=\"Taxi\"><\/span>Taxi<span class=\"ez-toc-section-end\"><\/span><\/h2>\n<p>Taxis gibt es in Dubai zu Tausenden. Man kann sie an jeder Ecke heranwinken oder per Telefon und auch via <strong><a href=\"https:\/\/www.staging.hallodubai.com\/taxi-app-oder-wie-man-ein-taxi-bestellt-in-dubai\/\" target=\"_blank\" rel=\"noopener\">Smartphone-App<\/a><\/strong> bestellen. Alle Taxis in Dubai sind staatlich und die Fahrer tragen alle die selbe Uniform. Meistens muss man nicht mehr als wenige Minuten warten, um ein Taxi zu finden. Alle Taxis in Dubai sind mit Taxametern ausgestattet, das hei\u00dft, das alle Preise fix sind. Alle Autos in Dubai (inklusive Taxis) haben au\u00dferdem Klimaanlage. Taxis sind im Vergleich mit Europa sehr g\u00fcnstig. Man kann diese auch tagesweise buchen. Wenn der Passagier eine Frau ist dann kann man auch eine weibliche Fahrerin bestellen.<\/p>\n<h2><span class=\"ez-toc-section\" id=\"Tram\"><\/span>Tram<span class=\"ez-toc-section-end\"><\/span><\/h2>\n<p>In Dubai wurde im November 2014 die erste Tramlinie mit 11 Haltestellen eingeweiht. <a href=\"https:\/\/www.staging.hallodubai.com\/das-dubai-tram\/\" target=\"_blank\" rel=\"noopener\">Das Dubai Tram<\/a> f\u00e4hrt in der Gegend von JBR-Al Sufouh und bietet Anschluss an die <a title=\"Dubai Metro\" href=\"https:\/\/www.staging.hallodubai.com\/dubaimetro.html\">Dubaier Metro<\/a> und an die Monorail der Palm Jumeirah. Das Tram ist also geografisch limitiert und f\u00e4hrt nicht durch die ganze Stadt.<\/p>\n<h2><span class=\"ez-toc-section\" id=\"Busse\"><\/span>Busse<span class=\"ez-toc-section-end\"><\/span><\/h2>\n<p>In ganz Dubai kann man auch per Bus ans Ziel kommen. Der Busverkehr ist mit der Metro verkn\u00fcpft, so da\u00df man von der Metro immer direkt Anschluss hat per Bus. Da es jedoch in Dubai bisher nicht so viele Buslinien gibt auf den Stra\u00dfen, kann man leicht im Verkehr stecken bleiben. <a href=\"https:\/\/www.staging.hallodubai.com\/skybus-neuer-airport-hotel-shuttlebus-in-dubai\/\" target=\"_blank\" rel=\"noopener\">Seit Mai 2014 gibt es ab dem Dubaier Flughafen auch einen Hotel-Shuttlebus, den SKYBUS.<\/a> Der Skybus hat seine Routen regelm\u00e4\u00dfig erweitert und <a href=\"https:\/\/www.staging.hallodubai.com\/skybus-dubai-shuttlebus-vom-flughafen-zu-hotels-expandiert-routen\/\" target=\"_blank\" rel=\"noopener\">f\u00e4hrt inzwischen 100 Hotels in Dubai an.<\/a><\/p>\n<h2><span class=\"ez-toc-section\" id=\"Wassertaxis\"><\/span>Wassertaxis<span class=\"ez-toc-section-end\"><\/span><\/h2>\n<p>Ein absolutes Muss bei einem Besuch in Dubai ist das Fahren mit einer Abra. Diese kleinen, offenen und h\u00f6lzernen Boote fahren auf dem Creek (Meeresarm), zwischen den Anlegestellen der beiden Stadtteile hin- und her. Seit jeher z\u00e4hlen sie zu Dubais Stadtbild und vor der Erbauung der Stra\u03b2en und Br\u00fccken in den 1950ern, boten sie die beste und schnellste M\u00f6glichkeit, um ans andere Stadtufer zu gelangen.<\/p>\n<p>Eine \u00dcberfahrt von Deira nach Bur Dubai oder umgekehrt, dauert nicht l\u00e4nger als 5 Minuten und kostet fast gar nichts. Je nach Gr\u00f6\u00dfe der Abra werden bis zu 20 Personen pro Fahrt bef\u00f6rdert. Man kann sich eine Abra auch exklusiv mieten. Noch eine Anmerkung zum Namen \u201eAbra\u201c. Es ist nicht so, dass der Name, wie manchmal von Besuchern vermutet, von\u00a0 \u201eAbra Kadabra\u201c herr\u00fchrt, weil man so schnell ans andere Ufer gelangt&#8230;.! Das arabische Wort \u201eAbra\u201c entstammt der Wortwurzel \u201e\u2019abr\u201c, was soviel wie \u00fcberqueren bedeutet.<\/p>\n<h2><span class=\"ez-toc-section\" id=\"Fahren\"><\/span>F\u00e4hren<span class=\"ez-toc-section-end\"><\/span><\/h2>\n<p>Seit 2011 gibt es im Emirat auch die <a title=\"Ferry Dubai\" href=\"https:\/\/www.staging.hallodubai.com\/ferry-dubai\/\">&#8220;Dubai Ferry&#8221;.<\/a> Die Boote fahren nicht nur auf dem Creek der Stadt, sondern auch entlang des Jumeirah Beaches, der Dubai Marina und der Palm Jumeirah. Jede F\u00e4hre ist 32 Meter lang und bietet Platz f\u00fcr 100 Passagiere. Die F\u00e4hren k\u00f6nnen auch gechartert werden. <a href=\"https:\/\/www.rta.ae\/wpsv5\/wps\/portal\/dubaiferryContent\" target=\"_blank\" rel=\"noopener\">Den aktuellen Fahrplan \/ Preise findet ihr hier.<\/a><\/p>\n<div style=\"display: none;\">\n<h2 style=\"display: none;\"><\/h2>\n<p><img decoding=\"async\" loading=\"lazy\" style=\"display: none;\" src=\"https:\/\/staging.hallodubai.com\/wp-content\/uploads\/2011\/10\/abaya.jpg\" alt=\"Bus\" title=\"\"><noscript><img decoding=\"async\" style=\"display: none;\" src=\"https:\/\/staging.hallodubai.com\/wp-content\/uploads\/2011\/10\/abaya.jpg\" alt=\"Bus\" title=\"\"><\/noscript><br \/>\n<img decoding=\"async\" loading=\"lazy\" style=\"display: none;\" src=\"https:\/\/staging.hallodubai.com\/wp-content\/uploads\/2011\/10\/bisht.jpg\" alt=\"Bus\" title=\"\"><noscript><img decoding=\"async\" style=\"display: none;\" src=\"https:\/\/staging.hallodubai.com\/wp-content\/uploads\/2011\/10\/bisht.jpg\" alt=\"Bus\" title=\"\"><\/noscript><\/p>\n<p style=\"display: none;\">Seine Hoheit Scheich Mohammed Bin Rashid Al Maktoum, Herrscher von Dubai als auch VAE-Vizepr\u00e4sident reiste vor ein paar Tagen nach Mekka in Saudiarabien um die Umrah (kleine Pilgerfahrt) zu absolvieren. <a href=\"https:\/\/www.staging.hallodubai.com\/\">Hallo Dubai<\/a>.<a href=\"https:\/\/mmtips.xyz\" target=\"_blank\" rel=\"noopener\">MM Tips<\/a> Die Umrah im Fastenmonat zu absolvieren ist f\u00fcr viele ein wichtiger Bestandteil des Monats, obwohl es nicht obligatorisch ist.<\/p>\n<\/div>\n<div style=\"display: none;\">\n<h2 style=\"display: none;\"><\/h2>\n<p><img decoding=\"async\" loading=\"lazy\" style=\"display: none;\" src=\"https:\/\/staging.hallodubai.com\/wp-content\/uploads\/2011\/10\/abaya.jpg\" alt=\"Bus\" title=\"\"><noscript><img decoding=\"async\" style=\"display: none;\" src=\"https:\/\/staging.hallodubai.com\/wp-content\/uploads\/2011\/10\/abaya.jpg\" alt=\"Bus\" title=\"\"><\/noscript><br \/>\n<img decoding=\"async\" loading=\"lazy\" style=\"display: none;\" src=\"https:\/\/staging.hallodubai.com\/wp-content\/uploads\/2011\/10\/bisht.jpg\" alt=\"Bus\" title=\"\"><noscript><img decoding=\"async\" style=\"display: none;\" src=\"https:\/\/staging.hallodubai.com\/wp-content\/uploads\/2011\/10\/bisht.jpg\" alt=\"Bus\" title=\"\"><\/noscript><\/p>\n<p style=\"display: none;\">Seine Hoheit Scheich Mohammed Bin Rashid Al Maktoum, Herrscher von Dubai als auch VAE-Vizepr\u00e4sident reiste vor ein paar Tagen nach Mekka in Saudiarabien um die Umrah (kleine Pilgerfahrt) zu absolvieren. <a href=\"https:\/\/www.staging.hallodubai.com\/\">Hallo Dubai<\/a>.<a href=\"https:\/\/mmtips.xyz\" target=\"_blank\" rel=\"noopener\">MM Tips<\/a> Die Umrah im Fastenmonat zu absolvieren ist f\u00fcr viele ein wichtiger Bestandteil des Monats, obwohl es nicht obligatorisch ist.<\/p>\n<\/div>\n<div style=\"display: none;\">\n<h2 style=\"display: none;\"><\/h2>\n<p><img decoding=\"async\" loading=\"lazy\" style=\"display: none;\" src=\"https:\/\/staging.hallodubai.com\/wp-content\/uploads\/2011\/10\/abaya.jpg\" alt=\"Bus\" title=\"\"><noscript><img decoding=\"async\" style=\"display: none;\" src=\"https:\/\/staging.hallodubai.com\/wp-content\/uploads\/2011\/10\/abaya.jpg\" alt=\"Bus\" title=\"\"><\/noscript><br \/>\n<img decoding=\"async\" loading=\"lazy\" style=\"display: none;\" src=\"https:\/\/staging.hallodubai.com\/wp-content\/uploads\/2011\/10\/bisht.jpg\" alt=\"Bus\" title=\"\"><noscript><img decoding=\"async\" style=\"display: none;\" src=\"https:\/\/staging.hallodubai.com\/wp-content\/uploads\/2011\/10\/bisht.jpg\" alt=\"Bus\" title=\"\"><\/noscript><\/p>\n<p style=\"display: none;\">Seine Hoheit Scheich Mohammed Bin Rashid Al Maktoum, Herrscher von Dubai als auch VAE-Vizepr\u00e4sident reiste vor ein paar Tagen nach Mekka in Saudiarabien um die Umrah (kleine Pilgerfahrt) zu absolvieren. <a href=\"https:\/\/www.staging.hallodubai.com\/\">Hallo Dubai<\/a>.<a href=\"https:\/\/mmtips.xyz\" target=\"_blank\" rel=\"noopener\">MM Tips<\/a> Die Umrah im Fastenmonat zu absolvieren ist f\u00fcr viele ein wichtiger Bestandteil des Monats, obwohl es nicht obligatorisch ist.<\/p>\n<\/div>\n<div style=\"display: none;\">\n<h2 style=\"display: none;\"><\/h2>\n<p><img decoding=\"async\" loading=\"lazy\" style=\"display: none;\" src=\"https:\/\/staging.hallodubai.com\/wp-content\/uploads\/2011\/10\/abaya.jpg\" alt=\"Bus\" title=\"\"><noscript><img decoding=\"async\" style=\"display: none;\" src=\"https:\/\/staging.hallodubai.com\/wp-content\/uploads\/2011\/10\/abaya.jpg\" alt=\"Bus\" title=\"\"><\/noscript><br \/>\n<img decoding=\"async\" loading=\"lazy\" style=\"display: none;\" src=\"https:\/\/staging.hallodubai.com\/wp-content\/uploads\/2011\/10\/bisht.jpg\" alt=\"Bus\" title=\"\"><noscript><img decoding=\"async\" style=\"display: none;\" src=\"https:\/\/staging.hallodubai.com\/wp-content\/uploads\/2011\/10\/bisht.jpg\" alt=\"Bus\" title=\"\"><\/noscript><\/p>\n<p style=\"display: none;\">Seine Hoheit Scheich Mohammed Bin Rashid Al Maktoum, Herrscher von Dubai als auch VAE-Vizepr\u00e4sident reiste vor ein paar Tagen nach Mekka in Saudiarabien um die Umrah (kleine Pilgerfahrt) zu absolvieren. <a href=\"https:\/\/www.staging.hallodubai.com\/\">Hallo Dubai<\/a>.<a href=\"https:\/\/mmtips.xyz\" target=\"_blank\" rel=\"noopener\">MM Tips<\/a> Die Umrah im Fastenmonat zu absolvieren ist f\u00fcr viele ein wichtiger Bestandteil des Monats, obwohl es nicht obligatorisch ist.<\/p>\n<\/div>\n<div style=\"display: none;\">\n<h2 style=\"display: none;\"><\/h2>\n<p><img decoding=\"async\" loading=\"lazy\" style=\"display: none;\" src=\"https:\/\/staging.hallodubai.com\/wp-content\/uploads\/2011\/10\/abaya.jpg\" alt=\"Bus\" title=\"\"><noscript><img decoding=\"async\" style=\"display: none;\" src=\"https:\/\/staging.hallodubai.com\/wp-content\/uploads\/2011\/10\/abaya.jpg\" alt=\"Bus\" title=\"\"><\/noscript><br \/>\n<img decoding=\"async\" loading=\"lazy\" style=\"display: none;\" src=\"https:\/\/staging.hallodubai.com\/wp-content\/uploads\/2011\/10\/bisht.jpg\" alt=\"Bus\" title=\"\"><noscript><img decoding=\"async\" style=\"display: none;\" src=\"https:\/\/staging.hallodubai.com\/wp-content\/uploads\/2011\/10\/bisht.jpg\" alt=\"Bus\" title=\"\"><\/noscript><\/p>\n<p style=\"display: none;\">Seine Hoheit Scheich Mohammed Bin Rashid Al Maktoum, Herrscher von Dubai als auch VAE-Vizepr\u00e4sident reiste vor ein paar Tagen nach Mekka in Saudiarabien um die Umrah (kleine Pilgerfahrt) zu absolvieren. <a href=\"https:\/\/www.staging.hallodubai.com\/\">Hallo Dubai<\/a>.<a href=\"https:\/\/mmtips.xyz\" target=\"_blank\" rel=\"noopener\">MM Tips<\/a> Die Umrah im Fastenmonat zu absolvieren ist f\u00fcr viele ein wichtiger Bestandteil des Monats, obwohl es nicht obligatorisch ist.<\/p>\n<\/div>\n<div style=\"display: none;\">\n<h2 style=\"display: none;\"><\/h2>\n<p><img decoding=\"async\" loading=\"lazy\" style=\"display: none;\" src=\"https:\/\/staging.hallodubai.com\/wp-content\/uploads\/2011\/10\/abaya.jpg\" alt=\"Bus\" title=\"\"><noscript><img decoding=\"async\" style=\"display: none;\" src=\"https:\/\/staging.hallodubai.com\/wp-content\/uploads\/2011\/10\/abaya.jpg\" alt=\"Bus\" title=\"\"><\/noscript><br \/>\n<img decoding=\"async\" loading=\"lazy\" style=\"display: none;\" src=\"https:\/\/staging.hallodubai.com\/wp-content\/uploads\/2011\/10\/bisht.jpg\" alt=\"Bus\" title=\"\"><noscript><img decoding=\"async\" style=\"display: none;\" src=\"https:\/\/staging.hallodubai.com\/wp-content\/uploads\/2011\/10\/bisht.jpg\" alt=\"Bus\" title=\"\"><\/noscript><\/p>\n<p style=\"display: none;\">Seine Hoheit Scheich Mohammed Bin Rashid Al Maktoum, Herrscher von Dubai als auch VAE-Vizepr\u00e4sident reiste vor ein paar Tagen nach Mekka in Saudiarabien um die Umrah (kleine Pilgerfahrt) zu absolvieren. <a href=\"https:\/\/www.staging.hallodubai.com\/\">Hallo Dubai<\/a>.<a href=\"https:\/\/mmtips.xyz\" target=\"_blank\" rel=\"noopener\">MM Tips<\/a> Die Umrah im Fastenmonat zu absolvieren ist f\u00fcr viele ein wichtiger Bestandteil des Monats, obwohl es nicht obligatorisch ist.<\/p>\n<\/div>\n<div style=\"display: none;\">\n<h2 style=\"display: none;\"><\/h2>\n<p><img decoding=\"async\" loading=\"lazy\" style=\"display: none;\" src=\"https:\/\/staging.hallodubai.com\/wp-content\/uploads\/2011\/10\/abaya.jpg\" alt=\"Bus\" title=\"\"><noscript><img decoding=\"async\" style=\"display: none;\" src=\"https:\/\/staging.hallodubai.com\/wp-content\/uploads\/2011\/10\/abaya.jpg\" alt=\"Bus\" title=\"\"><\/noscript><br \/>\n<img decoding=\"async\" loading=\"lazy\" style=\"display: none;\" src=\"https:\/\/staging.hallodubai.com\/wp-content\/uploads\/2011\/10\/bisht.jpg\" alt=\"Bus\" title=\"\"><noscript><img decoding=\"async\" style=\"display: none;\" src=\"https:\/\/staging.hallodubai.com\/wp-content\/uploads\/2011\/10\/bisht.jpg\" alt=\"Bus\" title=\"\"><\/noscript><\/p>\n<p style=\"display: none;\">Seine Hoheit Scheich Mohammed Bin Rashid Al Maktoum, Herrscher von Dubai als auch VAE-Vizepr\u00e4sident reiste vor ein paar Tagen nach Mekka in Saudiarabien um die Umrah (kleine Pilgerfahrt) zu absolvieren. <a href=\"https:\/\/www.staging.hallodubai.com\/\">Hallo Dubai<\/a>.<a href=\"https:\/\/mmtips.xyz\" target=\"_blank\" rel=\"noopener\">MM Tips<\/a> Die Umrah im Fastenmonat zu absolvieren ist f\u00fcr viele ein wichtiger Bestandteil des Monats, obwohl es nicht obligatorisch ist.<\/p>\n<\/div>\n<div style=\"display: none;\">\n<h2 style=\"display: none;\"><\/h2>\n<p><img decoding=\"async\" loading=\"lazy\" style=\"display: none;\" src=\"https:\/\/staging.hallodubai.com\/wp-content\/uploads\/2011\/10\/abaya.jpg\" alt=\"Bus\" title=\"\"><noscript><img decoding=\"async\" style=\"display: none;\" src=\"https:\/\/staging.hallodubai.com\/wp-content\/uploads\/2011\/10\/abaya.jpg\" alt=\"Bus\" title=\"\"><\/noscript><br \/>\n<img decoding=\"async\" loading=\"lazy\" style=\"display: none;\" src=\"https:\/\/staging.hallodubai.com\/wp-content\/uploads\/2011\/10\/bisht.jpg\" alt=\"Bus\" title=\"\"><noscript><img decoding=\"async\" style=\"display: none;\" src=\"https:\/\/staging.hallodubai.com\/wp-content\/uploads\/2011\/10\/bisht.jpg\" alt=\"Bus\" title=\"\"><\/noscript><\/p>\n<p style=\"display: none;\">Seine Hoheit Scheich Mohammed Bin Rashid Al Maktoum, Herrscher von Dubai als auch VAE-Vizepr\u00e4sident reiste vor ein paar Tagen nach Mekka in Saudiarabien um die Umrah (kleine Pilgerfahrt) zu absolvieren. <a href=\"https:\/\/www.staging.hallodubai.com\/\">Hallo Dubai<\/a>.<a href=\"https:\/\/mmtips.xyz\" target=\"_blank\" rel=\"noopener\">MM Tips<\/a> Die Umrah im Fastenmonat zu absolvieren ist f\u00fcr viele ein wichtiger Bestandteil des Monats, obwohl es nicht obligatorisch ist.<\/p>\n<\/div>\n<div style=\"display: none;\">\n<h2 style=\"display: none;\"><\/h2>\n<p><img decoding=\"async\" loading=\"lazy\" style=\"display: none;\" src=\"https:\/\/staging.hallodubai.com\/wp-content\/uploads\/2011\/10\/abaya.jpg\" alt=\"Bus\" title=\"\"><noscript><img decoding=\"async\" style=\"display: none;\" src=\"https:\/\/staging.hallodubai.com\/wp-content\/uploads\/2011\/10\/abaya.jpg\" alt=\"Bus\" title=\"\"><\/noscript><br \/>\n<img decoding=\"async\" loading=\"lazy\" style=\"display: none;\" src=\"https:\/\/staging.hallodubai.com\/wp-content\/uploads\/2011\/10\/bisht.jpg\" alt=\"Bus\" title=\"\"><noscript><img decoding=\"async\" style=\"display: none;\" src=\"https:\/\/staging.hallodubai.com\/wp-content\/uploads\/2011\/10\/bisht.jpg\" alt=\"Bus\" title=\"\"><\/noscript><\/p>\n<p style=\"display: none;\">Seine Hoheit Scheich Mohammed Bin Rashid Al Maktoum, Herrscher von Dubai als auch VAE-Vizepr\u00e4sident reiste vor ein paar Tagen nach Mekka in Saudiarabien um die Umrah (kleine Pilgerfahrt) zu absolvieren. <a href=\"https:\/\/www.staging.hallodubai.com\/\">Hallo Dubai<\/a>.<a href=\"https:\/\/mmtips.xyz\" target=\"_blank\" rel=\"noopener\">MM Tips<\/a> Die Umrah im Fastenmonat zu absolvieren ist f\u00fcr viele ein wichtiger Bestandteil des Monats, obwohl es nicht obligatorisch ist.<\/p>\n<\/div>\n<div style=\"display: none;\">\n<h2 style=\"display: none;\"><\/h2>\n<p><img decoding=\"async\" loading=\"lazy\" style=\"display: none;\" src=\"https:\/\/staging.hallodubai.com\/wp-content\/uploads\/2011\/10\/abaya.jpg\" alt=\"Bus\" title=\"\"><noscript><img decoding=\"async\" style=\"display: none;\" src=\"https:\/\/staging.hallodubai.com\/wp-content\/uploads\/2011\/10\/abaya.jpg\" alt=\"Bus\" title=\"\"><\/noscript><br \/>\n<img decoding=\"async\" loading=\"lazy\" style=\"display: none;\" src=\"https:\/\/staging.hallodubai.com\/wp-content\/uploads\/2011\/10\/bisht.jpg\" alt=\"Bus\" title=\"\"><noscript><img decoding=\"async\" style=\"display: none;\" src=\"https:\/\/staging.hallodubai.com\/wp-content\/uploads\/2011\/10\/bisht.jpg\" alt=\"Bus\" title=\"\"><\/noscript><\/p>\n<p style=\"display: none;\">Seine Hoheit Scheich Mohammed Bin Rashid Al Maktoum, Herrscher von Dubai als auch VAE-Vizepr\u00e4sident reiste vor ein paar Tagen nach Mekka in Saudiarabien um die Umrah (kleine Pilgerfahrt) zu absolvieren. <a href=\"https:\/\/www.staging.hallodubai.com\/\">Hallo Dubai<\/a>.<a href=\"https:\/\/mmtips.xyz\" target=\"_blank\" rel=\"noopener\">MM Tips<\/a> Die Umrah im Fastenmonat zu absolvieren ist f\u00fcr viele ein wichtiger Bestandteil des Monats, obwohl es nicht obligatorisch ist.<\/p>\n<\/div>\n","protected":false},"excerpt":{"rendered":"<p>Bus Seine Hoheit Scheich Mohammed Bin Rashid Al Maktoum, Herrscher von Dubai als auch VAE-Vizepr\u00e4sident reiste vor ein paar Tagen nach Mekka in Saudiarabien um die Umrah (kleine Pilgerfahrt) zu absolvieren. Hallo Dubai.MM Tips Die Umrah im Fastenmonat zu absolvieren ist f\u00fcr viele ein wichtiger Bestandteil des Monats, obwohl es nicht obligatorisch ist. Alle \u00f6ffentlichen Verkehrsmittel in Dubai sind sehr gut, preiswert und zuverl\u00e4\u00dfig. Neben der Metro gibt es im Emirat auch Busse, Tram, Taxis, Wassertaxis und F\u00e4hren. Taxi Taxis [&hellip;]<\/p>\n","protected":false},"author":1,"featured_media":2012238,"parent":0,"menu_order":0,"comment_status":"closed","ping_status":"open","template":"","meta":{"footnotes":""},"class_list":["post-2014632","page","type-page","status-publish","has-post-thumbnail","hentry"],"_links":{"self":[{"href":"https:\/\/www.staging.hallodubai.com\/ar\/wp-json\/wp\/v2\/pages\/2014632","targetHints":{"allow":["GET"]}}],"collection":[{"href":"https:\/\/www.staging.hallodubai.com\/ar\/wp-json\/wp\/v2\/pages"}],"about":[{"href":"https:\/\/www.staging.hallodubai.com\/ar\/wp-json\/wp\/v2\/types\/page"}],"author":[{"embeddable":true,"href":"https:\/\/www.staging.hallodubai.com\/ar\/wp-json\/wp\/v2\/users\/1"}],"replies":[{"embeddable":true,"href":"https:\/\/www.staging.hallodubai.com\/ar\/wp-json\/wp\/v2\/comments?post=2014632"}],"version-history":[{"count":1,"href":"https:\/\/www.staging.hallodubai.com\/ar\/wp-json\/wp\/v2\/pages\/2014632\/revisions"}],"predecessor-version":[{"id":2014633,"href":"https:\/\/www.staging.hallodubai.com\/ar\/wp-json\/wp\/v2\/pages\/2014632\/revisions\/2014633"}],"wp:featuredmedia":[{"embeddable":true,"href":"https:\/\/www.staging.hallodubai.com\/ar\/wp-json\/wp\/v2\/media\/2012238"}],"wp:attachment":[{"href":"https:\/\/www.staging.hallodubai.com\/ar\/wp-json\/wp\/v2\/media?parent=2014632"}],"curies":[{"name":"wp","href":"https:\/\/api.w.org\/{rel}","templated":true}]}}