{"id":2014666,"date":"2011-10-24T11:58:30","date_gmt":"2011-10-24T07:58:30","guid":{"rendered":"https:\/\/www.staging.hallodubai.com\/?page_id=2014666"},"modified":"2024-03-09T23:55:30","modified_gmt":"2024-03-09T19:55:30","slug":"%d8%ad%d9%82%d8%a7%d8%a6%d9%82-%d9%88%d8%a3%d8%b1%d9%82%d8%a7%d9%85","status":"publish","type":"page","link":"https:\/\/www.staging.hallodubai.com\/ar\/%d8%ad%d9%82%d8%a7%d8%a6%d9%82-%d9%88%d8%a3%d8%b1%d9%82%d8%a7%d9%85\/","title":{"rendered":"\u062d\u0642\u0627\u0626\u0642 \u0648\u0623\u0631\u0642\u0627\u0645"},"content":{"rendered":"\n<p><em>Die Flagge der Vereinigten Arabischen Emirate wurde 1971 im Rahmen eines Design-Wettbewerbs von einem 19j\u00e4hrigen Emirati entworfen. Er hei\u00dft Abdullah Mohammad Al Maeena und ist heute der VAE-Botschafter in Chile. Die Flaggenfarben wurden inspiriert von einem bekannten arabischen Gedicht von Safi Al Deen Al Hilli, in dem der noble Charakter der Araber beschrieben wird. Im Gedicht hei\u00dft es: &#8220;&#8230;ihre Tapferkeit, St\u00e4rke und Ehre &#8211; dargestellt in der Farbe Rot&#8230;.und ihre Hoffnung, Freude und Liebe &#8211;\u00a0dargestellt in der Farbe Gr\u00fcn&#8230;ihre Friedfertigkeit und Ehrlichkeit &#8211;\u00a0 dargestellt in der Farbe Wei\u00df und die Zielstrebigkeit und der Triumph \u00fcber ihre Feinde &#8211; dargestellt in der Farbe Schwarz.&#8221;<\/em><\/p>\n<table border=\"0\" width=\"600\" align=\"left\">\n<tbody>\n<tr>\n<td style=\"text-align: left;\" bgcolor=\"#FFFFFF\" width=\"201\">Amtssprache<\/td>\n<td style=\"text-align: left;\" width=\"250\">Arabisch<\/td>\n<\/tr>\n<tr>\n<td style=\"text-align: left;\" bgcolor=\"#FFFFFF\">Hauptstadt<\/td>\n<td style=\"text-align: left;\">Abu Dhabi<\/td>\n<\/tr>\n<tr>\n<td style=\"text-align: left;\" bgcolor=\"#FFFFFF\">Staatsform<\/td>\n<td style=\"text-align: left;\">F\u00f6deration autonomer Emirate<\/td>\n<\/tr>\n<tr>\n<td style=\"text-align: left;\" bgcolor=\"#FFFFFF\">Staatsoberhaupt<\/td>\n<td style=\"text-align: left;\">Seine Hoheit Scheich Khalifa Bin Zayed Al Nahyan<\/td>\n<\/tr>\n<tr>\n<td style=\"text-align: left;\" bgcolor=\"#FFFFFF\">Fl\u00e4che der VAE<\/td>\n<td style=\"text-align: left;\">83.600 km2<\/td>\n<\/tr>\n<tr>\n<td style=\"text-align: left;\" bgcolor=\"#FFFFFF\">Einwohnerzahl VAE<\/td>\n<td style=\"text-align: left;\">8.2 Millionen (2011)<\/td>\n<\/tr>\n<tr>\n<td style=\"text-align: left;\" bgcolor=\"#FFFFFF\">Einwohnerzahl Dubai<\/td>\n<td style=\"text-align: left;\">1.984 Millionen (2011)<\/td>\n<\/tr>\n<tr>\n<td style=\"text-align: left;\" bgcolor=\"#FFFFFF\">Nationalhymne<\/td>\n<td style=\"text-align: left;\">Ischi Biladi<\/td>\n<\/tr>\n<tr>\n<td style=\"text-align: left;\" bgcolor=\"#FFFFFF\">Zeitzone<\/td>\n<td style=\"text-align: left;\">GMT+4<\/td>\n<\/tr>\n<tr>\n<td style=\"text-align: left;\" bgcolor=\"#FFFFFF\">Telefonvorwahl<\/td>\n<td style=\"text-align: left;\">+971<\/td>\n<\/tr>\n<tr>\n<td style=\"text-align: left;\" bgcolor=\"#FFFFFF\">Stromspannung<\/td>\n<td style=\"text-align: left;\">220-250V, 50 Hertz, englische dreipolige Stecker<\/td>\n<\/tr>\n<tr>\n<td style=\"text-align: left;\" bgcolor=\"#FFFFFF\">H\u00f6chste Erhebung<\/td>\n<td style=\"text-align: left;\">Jebel Hafeet in Al Ain, 1.340 m<\/td>\n<\/tr>\n<tr>\n<td style=\"text-align: left;\" bgcolor=\"#FFFFFF\">K\u00fcstenlinie<\/td>\n<td style=\"text-align: left;\">ca. 750 km am Arabischen Golf und 100 km am Indischen Ozean<\/td>\n<\/tr>\n<tr>\n<td style=\"text-align: left;\" bgcolor=\"#FFFFFF\">Analphabetenrate<\/td>\n<td style=\"text-align: left;\">8% (2010)<\/td>\n<\/tr>\n<tr>\n<td style=\"text-align: left;\" bgcolor=\"#FFFFFF\">Durchschn. Lebenserwartung<\/td>\n<td style=\"text-align: left;\">78 Jahre<\/td>\n<\/tr>\n<tr>\n<td style=\"text-align: left;\" bgcolor=\"#FFFFFF\">Wassergewinnung<\/td>\n<td style=\"text-align: left;\">aus Entsalzungsanlagen<\/td>\n<\/tr>\n<tr>\n<td style=\"text-align: left;\" bgcolor=\"#FFFFFF\">Flugzeit ab Mitteleuropa<\/td>\n<td style=\"text-align: left;\">rund 6 Stunden<\/td>\n<\/tr>\n<tr>\n<td style=\"text-align: left;\" bgcolor=\"#FFFFFF\">Notrufnummer<\/td>\n<td style=\"text-align: left;\">Polizei 999<\/td>\n<\/tr>\n<tr>\n<td style=\"text-align: left;\" bgcolor=\"#FFFFFF\">Wochenende<\/td>\n<td style=\"text-align: left;\">Freitag und Samstag<\/td>\n<\/tr>\n<tr>\n<td style=\"text-align: left;\" bgcolor=\"#FFFFFF\">Feiertage<\/td>\n<td style=\"text-align: left;\">2. Dezember (Nationalfeiertag), 1. Januar (Neujahr) gem. islamischem Kalender: Isra wa Miraj, Eid al Fitr, Eid Al Adha, Islamisches Neujahr<\/td>\n<\/tr>\n<tr>\n<td style=\"text-align: left;\" bgcolor=\"#FFFFFF\">BIP pro Einwohner<\/td>\n<td style=\"text-align: left;\">59,717\u00a0U$<\/td>\n<\/tr>\n<tr>\n<td style=\"text-align: left;\" bgcolor=\"#FFFFFF\">Human Development Index<\/td>\n<td style=\"text-align: left;\">0.815 (32.)<\/td>\n<\/tr>\n<tr>\n<td style=\"text-align: left;\" bgcolor=\"#FFFFFF\">Nationalfeiertag<\/td>\n<td style=\"text-align: left;\">2.Dezember<\/td>\n<\/tr>\n<tr>\n<td style=\"text-align: left;\" bgcolor=\"#FFFFFF\">Gr\u00fcndungsjahr VAE<\/td>\n<td style=\"text-align: left;\">1971<\/td>\n<\/tr>\n<tr>\n<td style=\"text-align: left;\" bgcolor=\"#FFFFFF\">W\u00e4hrung<\/td>\n<td style=\"text-align: left;\">1 VAE Dirham = 100 fils<\/td>\n<\/tr>\n<\/tbody>\n<\/table>\n<h2>Unterlagen und Informationen zu Dubai erh\u00e4lt ihr bei den Au\u00dfenstellen von Dubais Amt f\u00fcr Tourismus:<\/h2>\n<p>In Deutschland: Bockenheimer Landstrasse 23, D-60325 Frankfurt\/Main, Deutschland Tel: 0049 69 71 000 20 Fax: 0049 69 71 000 234 E-mail: dtcm_ge@dubaitourism.ae<\/p>\n<p>In der Schweiz und in \u00d6sterreich: Hinterer Schermen 29, CH-3063 Ittigen-Bern, Schweiz Tel: +41 (0)31 924 75 99 Fax: +41 (0)31 921 90 08 E-mail: dtcm_ch@dubaitourism.ae<\/p>\n","protected":false},"excerpt":{"rendered":"<p>Die Flagge der Vereinigten Arabischen Emirate wurde 1971 im Rahmen eines Design-Wettbewerbs von einem 19j\u00e4hrigen Emirati entworfen. Er hei\u00dft Abdullah Mohammad Al Maeena und ist heute der VAE-Botschafter in Chile. Die Flaggenfarben wurden inspiriert von einem bekannten arabischen Gedicht von Safi Al Deen Al Hilli, in dem der noble Charakter der Araber beschrieben wird. Im Gedicht hei\u00dft es: &#8220;&#8230;ihre Tapferkeit, St\u00e4rke und Ehre &#8211; dargestellt in der Farbe Rot&#8230;.und ihre Hoffnung, Freude und Liebe &#8211;\u00a0dargestellt in der Farbe Gr\u00fcn&#8230;ihre Friedfertigkeit [&hellip;]<\/p>\n","protected":false},"author":1,"featured_media":0,"parent":0,"menu_order":0,"comment_status":"closed","ping_status":"open","template":"","meta":{"footnotes":""},"class_list":["post-2014666","page","type-page","status-publish","hentry"],"_links":{"self":[{"href":"https:\/\/www.staging.hallodubai.com\/ar\/wp-json\/wp\/v2\/pages\/2014666","targetHints":{"allow":["GET"]}}],"collection":[{"href":"https:\/\/www.staging.hallodubai.com\/ar\/wp-json\/wp\/v2\/pages"}],"about":[{"href":"https:\/\/www.staging.hallodubai.com\/ar\/wp-json\/wp\/v2\/types\/page"}],"author":[{"embeddable":true,"href":"https:\/\/www.staging.hallodubai.com\/ar\/wp-json\/wp\/v2\/users\/1"}],"replies":[{"embeddable":true,"href":"https:\/\/www.staging.hallodubai.com\/ar\/wp-json\/wp\/v2\/comments?post=2014666"}],"version-history":[{"count":1,"href":"https:\/\/www.staging.hallodubai.com\/ar\/wp-json\/wp\/v2\/pages\/2014666\/revisions"}],"predecessor-version":[{"id":2014667,"href":"https:\/\/www.staging.hallodubai.com\/ar\/wp-json\/wp\/v2\/pages\/2014666\/revisions\/2014667"}],"wp:attachment":[{"href":"https:\/\/www.staging.hallodubai.com\/ar\/wp-json\/wp\/v2\/media?parent=2014666"}],"curies":[{"name":"wp","href":"https:\/\/api.w.org\/{rel}","templated":true}]}}