{"id":5525461,"date":"2011-10-14T17:41:19","date_gmt":"2011-10-14T13:41:19","guid":{"rendered":"https:\/\/www.staging.hallodubai.com\/?page_id=5525461"},"modified":"2024-11-07T07:13:32","modified_gmt":"2024-11-07T03:13:32","slug":"customs-and-import","status":"publish","type":"page","link":"https:\/\/www.staging.hallodubai.com\/en\/customs-and-import\/","title":{"rendered":"Customs and Imports"},"content":{"rendered":"<p>Der Dubai International Airport ist einer der gr\u00f6\u00dften Flugh\u00e4fen der Welt, was das internationale Passagieraufkommen betrifft. Der Zoll von Dubai muss daher st\u00e4ndig bereit sein, die Herausforderungen dieses enormen Verkehrsaufkommens zu bew\u00e4ltigen.<\/p>\n<p>Das Passenger Operations Department des Zolls von Dubai zeichnet sich durch die Integration der besten Inspektions- und \u00dcberwachungssysteme in Zusammenarbeit mit lokalen und internationalen Partnern aus und ist damit ein weltweites Vorbild f\u00fcr die Entwicklung des Zollsystems.<\/p>\n<p>Die Konzentration des Zolls von Dubai auf Effizienz und Innovation st\u00e4rkt seine F\u00e4higkeit, den sich \u00e4ndernden Herausforderungen zu begegnen und unterst\u00fctzt die Vision des Emirats, ein f\u00fchrendes globales Handels- und Investitionszentrum zu bleiben.<\/p>\n<p><strong>Zollkontrolle am Flughafen Dubai<\/strong><\/p>\n<p>Die Zollkontrolle ist die erste Verteidigungslinie an allen Einreisepunkten in die VAE und spielt eine zentrale Rolle beim Schutz der Gesellschaft und der Wirtschaft vor potenziellen Risiken.<\/p>\n<p>Da der Dubai International Airport, gemessen am internationalen Passagieraufkommen, der gr\u00f6\u00dfte Flughafen der Welt ist, spielt das Passenger Operations Department (POD) eine immer wichtigere Rolle bei der Gew\u00e4hrleistung der Sicherheit von Passagieren und Fracht, die den Flughafen passieren.<\/p>\n<p>Es handelt sich hierbei um einen sensiblen Bereich, in dem Zollgesetze durchgesetzt und Waren- und Passagierbewegungen \u00fcberwacht werden, um die Einhaltung lokaler und internationaler Vorschriften und Gesetze zu gew\u00e4hrleisten.<\/p>\n<p>&nbsp;<\/p>\n<p><strong>Voraussetzungen f\u00fcr die Zollbefreiung f\u00fcr Reisende nach Dubai<\/strong><\/p>\n<p>Um diese Zollbefreiungen in Anspruch nehmen zu k\u00f6nnen, m\u00fcssen einige Grundvoraussetzungen erf\u00fcllt sein:<\/p>\n<p>1-Die Waren m\u00fcssen f\u00fcr den pers\u00f6nlichen Gebrauch und nicht f\u00fcr den Verkauf oder Handel bestimmt sein.<\/p>\n<p>2-Der Reisende muss derjenige sein, der die Waren mit sich f\u00fchrt und sie gegebenenfalls anmeldet.<\/p>\n<p>3-Der Reisende muss mindestens 18 Jahre alt sein, um die Befreiungen f\u00fcr Tabakwaren und Alkohol in Anspruch nehmen zu k\u00f6nnen.<\/p>\n<p>4-Der Bargeldbetrag im Besitz des Reisenden darf 60.000 AED nicht \u00fcberschreiten.<\/p>\n<p>&nbsp;<\/p>\n<p><strong>Zollfreie Waren am Flughafen Dubai<\/strong><\/p>\n<p>Bei der Ankunft am Dubai International Airport ist die Einhaltung der Zollbestimmungen entscheidend f\u00fcr ein angenehmes und problemloses Reiseerlebnis. Reisende k\u00f6nnen eine Reihe von pers\u00f6nlichen Gegenst\u00e4nden und Geschenken zollfrei einf\u00fchren, sofern bestimmte Bedingungen erf\u00fcllt sind.<\/p>\n<p>Diese Zollbefreiungen zeigen, dass Dubai als globales Reise- und Handelszentrum bestrebt ist, den Reisenden das Reisen zu erleichtern und die Zollgeb\u00fchren f\u00fcr pers\u00f6nliche Gegenst\u00e4nde zu senken.<\/p>\n<p>&nbsp;<\/p>\n<p><strong>1- Zollfreie pers\u00f6nliche Geschenke<\/strong><\/p>\n<p>Reisende k\u00f6nnen pers\u00f6nliche Geschenke innerhalb bestimmter Grenzen zollfrei einf\u00fchren. Die Wertgrenze f\u00fcr pers\u00f6nliche Geschenke betr\u00e4gt 3.000 AED. Darunter fallen eine Reihe von Waren wie Kleidung, Accessoires und pers\u00f6nliche elektronische Ger\u00e4te.<\/p>\n<p>Voraussetzung f\u00fcr die Zollbefreiung ist, dass diese Geschenke f\u00fcr den pers\u00f6nlichen Gebrauch und nicht f\u00fcr den Verkauf oder f\u00fcr kommerzielle Zwecke bestimmt sind.<\/p>\n<p>Au\u00dferdem m\u00fcssen sich die Waren im Besitz des Reisenden befinden und d\u00fcrfen keinen kommerziellen Charakter haben, d.h. die Mengen m\u00fcssen gering und f\u00fcr den pers\u00f6nlichen Gebrauch geeignet sein.<\/p>\n<p>&nbsp;<\/p>\n<p><strong>2- Zollfreie Tabakwaren<\/strong><\/p>\n<p>Der Zoll von Dubai erlaubt Reisenden die Einfuhr begrenzter Mengen von Tabakwaren f\u00fcr den pers\u00f6nlichen Gebrauch. Diese Mengen umfassen<\/p>\n<p>400 Zigaretten<\/p>\n<p>50 Zigarren<\/p>\n<p>500 Gramm geschnittener oder gepresster Tabak (z.B. Pfeifentabak).<\/p>\n<p>Alle Mengen, die diese Grenzen \u00fcberschreiten, sind zollpflichtig.<\/p>\n<p>Reisende m\u00fcssen mindestens 18 Jahre alt sein, um diese Befreiungen f\u00fcr Tabakwaren in Anspruch nehmen zu k\u00f6nnen.<\/p>\n<p>&nbsp;<\/p>\n<p><strong>3- Zollfreie alkoholische Getr\u00e4nke<\/strong><\/p>\n<p>Erwachsene Reisende \u00fcber 18 Jahre d\u00fcrfen eine begrenzte Menge alkoholischer Getr\u00e4nke f\u00fcr den pers\u00f6nlichen Gebrauch mitf\u00fchren, jedoch nur innerhalb folgender Grenzen<\/p>\n<p>4 Liter Spirituosen oder eine entsprechende Menge Alkohol<\/p>\n<p>2 Kartons Bier, wobei jeder Karton 24 Dosen Bier mit einem Fassungsverm\u00f6gen von maximal 355 ml enth\u00e4lt.<\/p>\n<p>Bitte vergewissern Sie sich, dass diese Getr\u00e4nke f\u00fcr den pers\u00f6nlichen Bedarf und nicht f\u00fcr gewerbliche Zwecke bestimmt sind.<\/p>\n<p><strong>4- Zollfreie Waren f\u00fcr den pers\u00f6nlichen Gebrauch<\/strong><\/p>\n<p>Neben personalisierten Geschenken, Tabakwaren und Alkohol gibt es weitere Waren, die zollfrei sind, sofern sie f\u00fcr den pers\u00f6nlichen Gebrauch bestimmt sind. Dazu geh\u00f6ren<\/p>\n<p>Pers\u00f6nliche elektronische Ger\u00e4te: z.B. Laptops, Smartphones, Kameras<\/p>\n<p>pers\u00f6nliche Kleidung und Schmuck: sofern sie sich in einem angemessenen Rahmen bewegen und nicht zum Verkauf bestimmt sind<\/p>\n<p>Pers\u00f6nliche Medikamente: Pers\u00f6nliche Medikamente, die f\u00fcr den pers\u00f6nlichen Gebrauch notwendig sind, sind erlaubt, aber einige Medikamente k\u00f6nnen eine besondere Genehmigung der zust\u00e4ndigen Beh\u00f6rden erfordern, wenn sie kontrollierte Substanzen enthalten.<\/p>\n<p>&nbsp;<\/p>\n<p>&nbsp;<\/p>\n<p><strong>Bargeldfreigrenzen f\u00fcr Passagiere, die zum Flughafen Dubai reisen<\/strong><\/p>\n<p>Alle Passagiere \u00fcber 18 Jahre, die in Dubai ankommen oder abfliegen, m\u00fcssen Bargeld, Schecks oder Edelmetalle im Wert von mehr als 60.000 AED oder den Gegenwert in ausl\u00e4ndischer W\u00e4hrung bei der Zollkontrolle anmelden.<\/p>\n<p>F\u00fcr Reisende unter 18 Jahren wird der Besitz von Bargeld und Edelmetallen auf die den Eltern\/Erziehungsberechtigten zugestandene Grenze angerechnet.<\/p>\n<p>&nbsp;<\/p>\n<p><strong>Verfahren f\u00fcr die Erhebung der Abgaben auf Mehrmengen und -werte und auf Waren mit doppeltem Wert<\/strong><\/p>\n<p>1- Vom Reisenden erhaltene Mehrmengen und -werte:<\/p>\n<p>Die Z\u00f6lle werden auf die mit dem Reisenden erhaltenen Mehrmengen und -werte erhoben und k\u00f6nnen der Mehrwertsteuer unterliegen.<\/p>\n<p>2- \u00dcberschussmengen und -werte f\u00fcr gewerbliche Zwecke:<\/p>\n<p>Alle Zollverfahren, die auf eingef\u00fchrte Waren anwendbar sind, in Bezug auf Zolltarif, Wert, Zollanmeldung und andere Verfahren, die auf eingef\u00fchrte Waren anwendbar sind, werden auf Waren angewandt, die mit dem Reisenden in Mengen und Werten zu kommerziellen Zwecken erhalten werden.<\/p>\n<p>&nbsp;<\/p>\n<p><strong>Liste der am Flughafen Dubai verbotenen Gegenst\u00e4nde<\/strong><\/p>\n<p>Der Zoll von Dubai ist stets bem\u00fcht, die Gesellschaft und die Wirtschaft zu sch\u00fctzen, indem er die Einfuhr verbotener und beschr\u00e4nkter Gegenst\u00e4nde verhindert. Reisende, die am Dubai International Airport ankommen, sollten die verbotenen Gegenst\u00e4nde kennen, die h\u00e4ufig bei Zollkontrollen beschlagnahmt werden.<\/p>\n<p>Die folgende Liste enth\u00e4lt die am h\u00e4ufigsten beschlagnahmten verbotenen Gegenst\u00e4nde am Flughafen Dubai<\/p>\n<p>&nbsp;<\/p>\n<p><strong>1<\/strong><strong>-Bet\u00e4ubungsmittel und psychotrope Stoffe<\/strong><\/p>\n<p>Bet\u00e4ubungsmittel aller Art geh\u00f6ren zu den am Flughafen Dubai am h\u00e4ufigsten beschlagnahmten Schmuggelgegenst\u00e4nden.<\/p>\n<p>Die Vereinigten Arabischen Emirate verfolgen eine Null-Toleranz-Politik gegen\u00fcber Drogen, selbst bei geringen Mengen f\u00fcr den pers\u00f6nlichen Gebrauch. Beispiele f\u00fcr verbotene Substanzen sind<\/p>\n<p>Cannabis, Kokain und Marihuana.<\/p>\n<p>Medikamente, die Bet\u00e4ubungsmittel wie Opiate enthalten.<\/p>\n<p>&nbsp;<\/p>\n<p><strong>-2<\/strong><strong>Waffen und Munition<\/strong><\/p>\n<p>Waffen jeder Art, gro\u00dfe Messer und Munition sind verboten.<\/p>\n<p>F\u00fcr das Mitf\u00fchren von Waffen ist eine Sondergenehmigung der Sicherheitsbeh\u00f6rden erforderlich, und der Versuch, Waffen ohne Genehmigung einzuf\u00fchren, kann mit schweren Strafen geahndet werden.<\/p>\n<p><strong>-3<\/strong><strong>Pornographie<\/strong><\/p>\n<p>Es ist verboten, pornografisches Material in gedruckter oder digitaler Form in die VAE einzuf\u00fchren. Pornografisches Material, das im pers\u00f6nlichen Gep\u00e4ck von Reisenden gefunden wird, wird beschlagnahmt und der Besitzer strafrechtlich verfolgt.<\/p>\n<p>&nbsp;<\/p>\n<p><strong>-4<\/strong><strong>Verbotene Medikamente<\/strong><\/p>\n<p>Einige Medikamente, die in anderen L\u00e4ndern legal sind, k\u00f6nnen in den VAE verboten sein oder einer besonderen Genehmigung bed\u00fcrfen. Zu diesen Medikamenten geh\u00f6ren<\/p>\n<p>Medikamente, die Morphin oder seine Derivate enthalten.<\/p>\n<p>Medikamente, die Tramadol enthalten<\/p>\n<p>Medikamente, die starke Stimulanzien oder Beruhigungsmittel enthalten.<\/p>\n<p>Reisende sollten sicherstellen, dass sie bei der Einfuhr von Medikamenten nach Dubai genehmigte Rezepte mit sich f\u00fchren.<\/p>\n<p><strong>-5<\/strong><strong>Unbemannte Luftfahrzeuge (Drohnen)<\/strong><\/p>\n<p>Drohnen d\u00fcrfen nur als aufgegebenes Gep\u00e4ck mitgef\u00fchrt werden.<\/p>\n<p>Wenn Sie eine Drohne im aufgegebenen Gep\u00e4ck mitf\u00fchren, m\u00fcssen Sie entweder die Lithiumbatterien in der Drohne sichern oder die Batterien herausnehmen und im Handgep\u00e4ck transportieren.<\/p>\n<p>Aus Sicherheitsgr\u00fcnden sind Drohnen im Handgep\u00e4ck auf Fl\u00fcgen nicht erlaubt.<\/p>\n<p>&nbsp;<\/p>\n<p><strong>-6<\/strong><strong>Feuerwerksk\u00f6rper und Sprengstoffe<\/strong><\/p>\n<p>Die Einfuhr von Feuerwerksk\u00f6rpern und Sprengstoffen ist ohne Sondergenehmigung verboten. Jeder Versuch, solche Gegenst\u00e4nde ins Land zu bringen, ist eine Straftat und wird nach den \u00f6rtlichen Gesetzen geahndet.<\/p>\n<p><strong>-7<\/strong><strong>Gro\u00dfe Mengen alkoholischer Getr\u00e4nke<\/strong><\/p>\n<p>Obwohl die Einfuhr einer begrenzten Menge alkoholischer Getr\u00e4nke f\u00fcr den pers\u00f6nlichen Gebrauch erlaubt ist, stellt die Einfuhr gr\u00f6\u00dferer Mengen oder der Versuch, diese einzuf\u00fchren, einen Versto\u00df gegen die Zollvorschriften Dubais dar.<\/p>\n<p>&nbsp;<\/p>\n<p><strong>Tipps f\u00fcr Reisende<\/strong><\/p>\n<p>Um Beschlagnahmungen oder Strafen zu vermeiden, sollten Reisende die folgenden Tipps beachten:<\/p>\n<p>Informieren Sie sich vor der Reise, welche Gegenst\u00e4nde verboten sind und welchen Beschr\u00e4nkungen sie unterliegen.<\/p>\n<p>Melden Sie alle Medikamente oder Substanzen an, die einer vorherigen Genehmigung bed\u00fcrfen.<\/p>\n<p>F\u00fchren Sie keine Gegenst\u00e4nde mit sich, die in den VAE verd\u00e4chtig oder illegal sein k\u00f6nnten.<\/p>\n<p>Die Einhaltung der Zollvorschriften in Dubai dient nicht nur dem Schutz der Reisenden vor rechtlichen Problemen, sondern auch der Sicherheit der Allgemeinheit.<\/p>\n<p>&nbsp;<\/p>\n<p><strong>Die wichtigsten Fragen<\/strong><\/p>\n<p><strong>-1<\/strong><strong>Welche Beschr\u00e4nkungen gelten f\u00fcr Tabak und Alkohol am Flughafen Dubai?<\/strong><\/p>\n<p>Reisende d\u00fcrfen zollfrei einf\u00fchren<\/p>\n<p>400 Zigaretten<\/p>\n<p>50 Zigarren<\/p>\n<p>500 Gramm Tabak.<\/p>\n<p>4 Liter Spirituosen oder gleichwertige alkoholische Getr\u00e4nke. 24 Flaschen Bier (maximal). F\u00fcr alle Mengen, die diese Grenzen \u00fcberschreiten, m\u00fcssen Zollgeb\u00fchren bezahlt werden.<\/p>\n<p><strong>-2<\/strong><strong>Ist es erlaubt, Haustiere mit nach Dubai zu bringen?<\/strong><\/p>\n<p>Ja, Reisende d\u00fcrfen ihre Haustiere nach Dubai mitbringen, m\u00fcssen jedoch eine Reihe von Bedingungen und Verfahren einhalten, um die Sicherheit der Tiere und der Allgemeinheit zu gew\u00e4hrleisten.<\/p>\n<p>Reisegenehmigung, medizinische Untersuchungen und Impfungen.<\/p>\n<p>Setzen Sie sich rechtzeitig vor Ihrer Reise mit der Fluggesellschaft in Verbindung, die Ihr Haustier bef\u00f6rdern wird, um die erforderlichen Formalit\u00e4ten zu erledigen.<\/p>\n<p><strong>-3<\/strong><strong>Darf ich Drohnen nach Dubai einf\u00fchren?<\/strong><\/p>\n<p>Drohnen sind erlaubt, aber f\u00fcr ihren Einsatz ist eine Sondergenehmigung der zust\u00e4ndigen Beh\u00f6rden erforderlich.<\/p>\n<p>Drohnen werden bei der Ankunft kontrolliert, um sicherzustellen, dass die erforderlichen Genehmigungen vorliegen.<\/p>\n<p>Reisende sollten sich vor ihrer Abreise \u00fcber die Drohnengesetze in den VAE informieren.<\/p>\n","protected":false},"excerpt":{"rendered":"<p>Der Dubai International Airport ist einer der gr\u00f6\u00dften Flugh\u00e4fen der Welt, was das internationale Passagieraufkommen betrifft. Der Zoll von Dubai muss daher st\u00e4ndig bereit sein, die Herausforderungen dieses enormen Verkehrsaufkommens zu bew\u00e4ltigen. Das Passenger Operations Department des Zolls von Dubai zeichnet sich durch die Integration der besten Inspektions- und \u00dcberwachungssysteme in Zusammenarbeit mit lokalen und internationalen Partnern aus und ist damit ein weltweites Vorbild f\u00fcr die Entwicklung des Zollsystems. Die Konzentration des Zolls von Dubai auf Effizienz und Innovation st\u00e4rkt [&hellip;]<\/p>\n","protected":false},"author":11009,"featured_media":5525319,"parent":0,"menu_order":0,"comment_status":"closed","ping_status":"open","template":"","meta":{"footnotes":""},"class_list":["post-5525461","page","type-page","status-publish","has-post-thumbnail","hentry"],"_links":{"self":[{"href":"https:\/\/www.staging.hallodubai.com\/en\/wp-json\/wp\/v2\/pages\/5525461","targetHints":{"allow":["GET"]}}],"collection":[{"href":"https:\/\/www.staging.hallodubai.com\/en\/wp-json\/wp\/v2\/pages"}],"about":[{"href":"https:\/\/www.staging.hallodubai.com\/en\/wp-json\/wp\/v2\/types\/page"}],"author":[{"embeddable":true,"href":"https:\/\/www.staging.hallodubai.com\/en\/wp-json\/wp\/v2\/users\/11009"}],"replies":[{"embeddable":true,"href":"https:\/\/www.staging.hallodubai.com\/en\/wp-json\/wp\/v2\/comments?post=5525461"}],"version-history":[{"count":2,"href":"https:\/\/www.staging.hallodubai.com\/en\/wp-json\/wp\/v2\/pages\/5525461\/revisions"}],"predecessor-version":[{"id":5525463,"href":"https:\/\/www.staging.hallodubai.com\/en\/wp-json\/wp\/v2\/pages\/5525461\/revisions\/5525463"}],"wp:featuredmedia":[{"embeddable":true,"href":"https:\/\/www.staging.hallodubai.com\/en\/wp-json\/wp\/v2\/media\/5525319"}],"wp:attachment":[{"href":"https:\/\/www.staging.hallodubai.com\/en\/wp-json\/wp\/v2\/media?parent=5525461"}],"curies":[{"name":"wp","href":"https:\/\/api.w.org\/{rel}","templated":true}]}}