{"id":5525465,"date":"2011-09-20T17:22:29","date_gmt":"2011-09-20T13:22:29","guid":{"rendered":"https:\/\/www.staging.hallodubai.com\/?page_id=5525465"},"modified":"2024-11-07T07:17:57","modified_gmt":"2024-11-07T03:17:57","slug":"weather-and-climate","status":"publish","type":"page","link":"https:\/\/www.staging.hallodubai.com\/en\/weather-and-climate\/","title":{"rendered":"weather and climate"},"content":{"rendered":"<p>[one_half\u00a0first]Das Wetter in Dubai ist ab Mitte Oktober bis M\u00e4rz am angenehmsten. Die Wintermonate entsprechen gleichzeitig der hiesigen Hochsaison, in der auch die Hotelpreise immer viel h\u00f6her sind als w\u00e4hrend der hei\u00dfen Sommermonate. Die k\u00e4ltesten Temperaturen verzeichnet das Thermometer in der Regel im Januar und der hei\u03b2este Monat ist der August.<\/p>\n<p>In den hei\u00dferen Sommermonaten kann das Thermometer schon mal bis auf 50\u00ba Celsius klettern, wobei man auch noch mit einer Luftfeuchtigkeit von bis zu 90 % rechnen muss. Ein Besuch von Dubai in den Sommermonaten ist durchaus ertr\u00e4glich. Der K\u00f6rper braucht jedoch in der Regel 4 Tage, um sich auf das hei\u00dfe Wetter umzustellen. Viele Besucher meinen immer wieder, dass sie Temperaturen \u00fcber 40\u00ba Celsius niemals tolerieren k\u00f6nnten. Dabei verh\u00e4lt es sich mit den hei\u03b2en Temperaturen genau so, wie mit dem kalten Wetter: Der gef\u00fchlte Unterschied zwischen +5\u00ba C und minus 5\u00ba C ist nicht so gro\u03b2, es ist einfach kalt! Die meisten Touristen bem\u00e4ngeln wohl, dass es im Sommer hei\u03b2 ist in Dubai, dabei macht es jedoch keinen gro\u03b2en Unterschied, ob das Thermometer bei 40\u00ba oder 45\u00ba C steht.<\/p>\n<p>In K\u00fcstenn\u00e4he (z.B. Strandhotels), ist die Luftfeuchtigkeit immer erheblich h\u00f6her als in der Stadt-, Berg- oder W\u00fcstenregion. Im Allgemeinen ist die Luftfeuchtigkeit nachts immer am h\u00f6chsten. Manchmal bildet sich fr\u00fchmorgens ein starker Nebel, der ebenfalls auf die Luftfeuchtigkeit zur\u00fcckzuf\u00fchren ist.<\/p>\n<p>&nbsp;<\/p>\n<p>Regen ist in den VAE sehr selten. In der Bergregion f\u00e4llt deutlich mehr Regen als an der K\u00fcste. In Dubai regnet es meistens zwischen Januar und M\u00e4rz, obwohl es auch im Sommer regnen kann, wenn auch selten. Regenschauer sind in Dubai immer noch eine Attraktion. Menschenmassen versammeln sich unter freiem Himmel, um Fotos im Regen zu machen. Wenn es regnet, sind viele Strassen innerhalb weniger Minuten \u00fcberflutet, da es nicht \u00fcberall Abfl\u00fcsse gibt.<\/p>\n<p>Die Sonnenscheindauer in Dubai variiert in Dubai ganzj\u00e4hrlich zwischen 10 \u2013 12 Stunden. Sonnenaufgang ist meist zwischen 05.00 \u2013 06.30 Uhr. Der Sonnenuntergang ist durch die geografische N\u00e4he zum \u00c4quator eher fr\u00fch, zwischen 17.30 \u2013 19.30 Uhr.<\/p>\n<p>Ab und zu gibt es Sandst\u00fcrme. Meistens verdunkelt sich der Himmel dadurch in wenigen Minuten so stark, dass man kaum die eigene Hand vor den Augen sieht.<\/p>\n<p>In den VAE gibt es keine Sommer- oder Winterzeit.<\/p>\n<p>Die Wassertemperaturen in Dubai reichen von 19\u00ba C in den Wintermonaten bis zu 35\u00ba C im Sommer. Die hei\u00dfen Sommermonate (Juli bis September) sind gleichzeitig die Paarungszeit der Quallen. Manche Str\u00e4nde haben zu dieser Zeit besonders viele Quallen.<\/p>\n<p>Stechm\u00fccken und andere fliegende Plagegeister sind in Dubai eigentlich \u00e4u\u03b2erst selten.<\/p>\n<p>&nbsp;<\/p>\n<p>&nbsp;<\/p>\n<p>&nbsp;<\/p>\n","protected":false},"excerpt":{"rendered":"<p>[one_half\u00a0first]Das Wetter in Dubai ist ab Mitte Oktober bis M\u00e4rz am angenehmsten. Die Wintermonate entsprechen gleichzeitig der hiesigen Hochsaison, in der auch die Hotelpreise immer viel h\u00f6her sind als w\u00e4hrend der hei\u00dfen Sommermonate. Die k\u00e4ltesten Temperaturen verzeichnet das Thermometer in der Regel im Januar und der hei\u03b2este Monat ist der August. In den hei\u00dferen Sommermonaten kann das Thermometer schon mal bis auf 50\u00ba Celsius klettern, wobei man auch noch mit einer Luftfeuchtigkeit von bis zu 90 % rechnen muss. Ein [&hellip;]<\/p>\n","protected":false},"author":11009,"featured_media":0,"parent":0,"menu_order":0,"comment_status":"closed","ping_status":"open","template":"","meta":{"footnotes":""},"class_list":["post-5525465","page","type-page","status-publish","hentry"],"_links":{"self":[{"href":"https:\/\/www.staging.hallodubai.com\/en\/wp-json\/wp\/v2\/pages\/5525465","targetHints":{"allow":["GET"]}}],"collection":[{"href":"https:\/\/www.staging.hallodubai.com\/en\/wp-json\/wp\/v2\/pages"}],"about":[{"href":"https:\/\/www.staging.hallodubai.com\/en\/wp-json\/wp\/v2\/types\/page"}],"author":[{"embeddable":true,"href":"https:\/\/www.staging.hallodubai.com\/en\/wp-json\/wp\/v2\/users\/11009"}],"replies":[{"embeddable":true,"href":"https:\/\/www.staging.hallodubai.com\/en\/wp-json\/wp\/v2\/comments?post=5525465"}],"version-history":[{"count":1,"href":"https:\/\/www.staging.hallodubai.com\/en\/wp-json\/wp\/v2\/pages\/5525465\/revisions"}],"predecessor-version":[{"id":5525466,"href":"https:\/\/www.staging.hallodubai.com\/en\/wp-json\/wp\/v2\/pages\/5525465\/revisions\/5525466"}],"wp:attachment":[{"href":"https:\/\/www.staging.hallodubai.com\/en\/wp-json\/wp\/v2\/media?parent=5525465"}],"curies":[{"name":"wp","href":"https:\/\/api.w.org\/{rel}","templated":true}]}}