{"id":5525469,"date":"2011-10-14T17:53:07","date_gmt":"2011-10-14T13:53:07","guid":{"rendered":"https:\/\/www.staging.hallodubai.com\/?page_id=5525469"},"modified":"2024-11-07T07:19:45","modified_gmt":"2024-11-07T03:19:45","slug":"etiquette","status":"publish","type":"page","link":"https:\/\/www.staging.hallodubai.com\/en\/etiquette\/","title":{"rendered":"etiquette"},"content":{"rendered":"<p><strong>Darf\u00a0man das in Dubai&#8230;?<\/strong> <br class=\"style11\" \/>Die meisten Medien scheuen sich davor, \u00fcber die Benimmregeln und die zahlreichen Verbote in den VAE zu berichten. Genau aus diesem Grund landen jedes Jahr Hunderte von Touristen und Besuchern oder auch Neuzugezogene im Gef\u00e4ngnis, weil Sie sich nicht \u00fcber die Gesetze im Land informiert haben oder sich beziehungsweise nirgendwo richtig informieren konnten. Abgesehen davon ist es auch nicht ganz einfach an diese Informationen zu kommen, eben weil kaum jemand dar\u00fcber berichtet. Angefangen von Reiseb\u00fcros und Fluggesellschaften bis hin zu Konsulaten, Hotels oder Gesch\u00e4ftspartner&#8230;es herrscht in dieser Hinsicht das gro\u00dfe Schweigen. Dies wiederum sch\u00fcrt das Problem noch mehr, denn viele Besucher denken, dass es in Dubai gar keine Benimmregeln gibt und dass man sich hier so benehmen kann wie am Ballermann. Weit gefehlt&#8230;.!<\/p>\n<p>Im M\u00e4rz 2009 hat der &#8220;Dubai Executive Council&#8221; einen offiziellen Benimmcode zu Dubai verabschiedet. Hier werden die wichtigsten Benimmregeln zusammen mit dem Strafma\u00df (auf der letzten Seite des Dokuments) aufgelistet. <strong><a href=\"https:\/\/www.staging.hallodubai.com\/der-dubai-knigge\/\" target=\"_blank\" rel=\"noopener noreferrer\"><span class=\"blue_links\">Das Originaldokument ist hier abrufbar.<\/span><\/a><\/strong><\/p>\n<p class=\"style9\"><strong>Thema Alkohol<br \/>\n<\/strong><span class=\"style11\">Das gesetzliche Mindestalter f\u00fcr Alkohol- und Zigarettenkonsum in Dubai ist 21 Jahre. Obwohl es in Dubai in Hotels und diversen Restaurants Alkohol zu kaufen gibt, ist es strafbar in der allgemeinen \u00d6ffentlichkeit (z.B. auf der Stra\u00dfe, im Park, am \u00f6ffentlichen Strand etc.) zu trinken. Am Steuer gilt in den VAE ein Null-Promille-Gesetz. Alkohol kann in den VAE nicht im Supermarkt gekauft werden. Wer in den VAE lebt (Residenzvisum) ben\u00f6tigt zum Einkauf von Alkohol in den speziellen Gesch\u00e4ften, eine staatliche Alkohol-Lizenz. <\/span><\/p>\n<p class=\"style9\"><strong>Thema Drogen <\/strong><br class=\"style11\" \/><span class=\"style11\">In den VAE gibt es keine Toleranz f\u00fcr Drogen. <strong>Wer ohne Drogen nicht leben kann, sollte nicht in die VAE einreisen.<\/strong> In den VAE gibt es sehr strenge Haftregeln f\u00fcr Drogendelikte, auch die Todesstrafe wird ab und zu verordnet. In den VAE ist das Strafma\u00df bei Drogenkonsum \/ Import bisher mindestens vier Jahre Haft. Dubais Staatsanwaltschaft betreibt zudem seit Juli 2009 einen eigenst\u00e4ndigen Ableger am Flughafen, um direkt vor Ort \u00fcber Verbrechen urteilen zu k\u00f6nnen. <strong><a href=\"https:\/\/www.staging.hallodubai.com\/welche-medikamente-darf-ich-nicht-in-die-vae-einfuehren\/\" target=\"_blank\" rel=\"noopener noreferrer\">Bitte beachtet auch den wichtigen Hinweis zum Import von Medikamenten.<\/a><\/strong> <\/span><\/p>\n<p><span class=\"style9\"><strong>Thema Bekleidung <\/strong><strong>Allgemein<a href=\"https:\/\/staging.hallodubai.com\/wp-content\/uploads\/2011\/10\/dresscode.jpg\"><img decoding=\"async\" loading=\"lazy\" class=\"size-full wp-image-735 alignright\" style=\"margin-left: 10px; margin-right: 10px;\" title=\"dresscode\" src=\"https:\/\/staging.hallodubai.com\/wp-content\/uploads\/2011\/10\/dresscode.jpg\" alt=\"\" width=\"210\" height=\"148\"><noscript><img decoding=\"async\" class=\"size-full wp-image-735 alignright\" style=\"margin-left: 10px; margin-right: 10px;\" title=\"dresscode\" src=\"https:\/\/staging.hallodubai.com\/wp-content\/uploads\/2011\/10\/dresscode.jpg\" alt=\"\" width=\"210\" height=\"148\"><\/noscript><\/a><\/strong><br class=\"style11\" \/><\/span>Frauen sollten besonders darauf achten, keine aufreizende Kleidung zu tragen. <strong>Nicht blickdichte Stoffe, schulter- r\u00fccken- oder bauchfreie Teile, eng anliegende Kleidung, tiefe Ausschnitte, kurze R\u00f6cke oder Hot Pants gelten als anst\u00f6\u00dfig. <\/strong>Frauen werden, wenn allzu leicht bekleidet, als k\u00e4uflich angesehen. Transvestiten sollten zudem wissen, dass dies in den VAE gesetzlich strafbar ist. Die Definition von Transvestit ist dabei breiter gef\u00e4chert als in Europa. F\u00fcr Infos sucht einfach im Suchfeld oben rechts nach &#8220;Transvestit&#8221; um entsprechende Artikel zu finden.<\/p>\n<p><strong><img decoding=\"async\" loading=\"lazy\" style=\"margin-left: 10px; margin-right: 10px;\" src=\"https:\/\/www.staging.hallodubai.com\/images\/einreise\/shorts.jpg\" alt=\"\" width=\"106\" height=\"199\" align=\"left\" title=\"\"><noscript><img decoding=\"async\" style=\"margin-left: 10px; margin-right: 10px;\" src=\"https:\/\/www.staging.hallodubai.com\/images\/einreise\/shorts.jpg\" alt=\"\" width=\"106\" height=\"199\" align=\"left\" title=\"\"><\/noscript>M\u00e4nner sollten keine schulterfreien T-Shirts tragen und keine Hosen, die nicht mindestens die Knie bedecken. <\/strong> Kurze Hosen werden im hiesigen Kulturkreis nur als Unterhose oder Badehose getragen!<\/p>\n<p>Im Nachbarsemirat Sharjah zum Beispiel ist die sittliche Kleiderordnung nicht nur eine Empfehlung, sondern eine Gesetzgebung.<\/p>\n<p><strong>In Dubai haben inzwischen alle Einkaufszentren einen Dresscode eingef\u00fchrt. Wer zuviel Haut zeigt, wird nicht zugelassen!<\/strong><\/p>\n<p><span class=\"style9\"><strong>Thema Bekleidung <\/strong><strong>Strand und Nachtclubs <\/strong><br class=\"style11\" \/><\/span>Badebekleidung wird nur an den Str\u00e4nden getragen. Selbst wenn man auf dem Weg zum Strand durch die Lobby l\u00e4uft, sollte man sich etwas \u00fcberziehen. <strong>Oben-ohne ist f\u00fcr Frauen nicht erlaubt<\/strong> und auch Tangas sind untersagt. Im Emirat Sharjah darf man als Frau an den \u00f6ffentlichen Str\u00e4nden kein Bikini tragen. In zahlreichen Restaurants und Nachtklubs, vor allem jedoch in Hotelanlagen, gibt es abends eine Kleidervorschrift. Jeans und Tennisschuhe sind vielerorts nicht erlaubt. In den Nachtklubs von Dubai kann man sich, wenn man m\u00f6chte, freiz\u00fcgig kleiden.<\/p>\n<p><span class=\"style9\"><strong>Thema Bekleidung <\/strong><strong>f\u00fcr Gesch\u00e4ftliches<\/strong><\/span> Bei Gesch\u00e4ftstreffen oder offiziellen Beh\u00f6rdeng\u00e4ngen sollte man sich formell kleiden. Anzug und Krawatte f\u00fcr die M\u00e4nner und ad\u00e4quate Bekleidung f\u00fcr Frauen sind in den VAE selbstverst\u00e4ndlich.<\/p>\n<p><span class=\"style9\"><strong><img decoding=\"async\" loading=\"lazy\" style=\"margin-left: 10px; margin-right: 10px;\" src=\"https:\/\/www.staging.hallodubai.com\/images\/einreise\/beachkiss.jpg\" alt=\"\" width=\"161\" height=\"78\" align=\"left\" title=\"\"><noscript><img decoding=\"async\" style=\"margin-left: 10px; margin-right: 10px;\" src=\"https:\/\/www.staging.hallodubai.com\/images\/einreise\/beachkiss.jpg\" alt=\"\" width=\"161\" height=\"78\" align=\"left\" title=\"\"><\/noscript>Thema Liebe! <\/strong><\/span> Das K\u00fcssen (alles was den Begr\u00fc\u00dfungskuss auf die Wange \u00fcberschreitet) und das Austauschen von Z\u00e4rtlichkeiten in der \u00d6ffentlichkeit sind in den VAE strafbar! Das Konkubinat ist ebenfalls verboten und wer unehelich schwanger wird, kann in keinem Krankenhaus der VAE geb\u00e4ren. Au\u00dfereheliche Liebe ist strafbar unter dem emiratischen Gesetz und das selbe gilt auch f\u00fcr die gleichgeschlechtliche Liebe.<\/p>\n<p><span class=\"style9\"><strong>Thema Fluchen <\/strong><\/span> In den VAE ist es strafbar, jemanden w\u00fcst zu beschimpfen, lautstark zu fluchen oder jemandem &#8220;den Stinkefinger&#8221; zu zeigen.<\/p>\n<p><span class=\"style9\"><strong>Thema Rauchen <\/strong><\/span> Das Rauchen ist in Dubai fast an allen \u00f6ffentlichen Orten verboten. Restaurants, Discos, Einkaufszentren, Strand, Park etc. Auch hier gelten erhebliche Bussen, wenn man sich nicht an diese Regeln h\u00e4lt.<\/p>\n<p><strong>Thema Fotografieren<br \/>\n<\/strong>Fotografieren und Filmen in Dubai ist eigentlich fast \u00fcberall m\u00f6glich. Nachfolgendes sollte man jedoch <b>nicht<\/b> <b>fotografieren oder filmen:<\/b> Konsulate, Botschaften, Regierungsgeb\u00e4ude- und Anlagen, Milit\u00e4rgel\u00e4nde, als auch H\u00e4fen und Flugh\u00e4fen. Wenn man einheimische Personen fotografieren\/filmen m\u00f6chte, so sollte man zuerst um Erlaubnis bitten und auch ein m\u00f6gliches \u201enein\u201c als Antwort respektieren. Vor allem als Tourist kann man nie wissen, wer da genau vor einem steht&#8230;..<br \/>\nF\u00fcr kommerzielle Aufnahmen in Dubai muss man eine Genehmigung bei der entsprechenden Beh\u00f6rde anfordern.<\/p>\n<p><strong>Thema H\u00e4ndesch\u00fctteln.<\/strong> In vielen L\u00e4ndern der Welt ist es nicht die Norm, dass man sich zur Begr\u00fc\u00dfung die Hand gibt. In den Emiraten ist dies auch bei den meisten Einheimischen der Fall. Konkret ist damit gemeint, dass sich <span style=\"text-decoration: underline;\">Frauen und M\u00e4nner die nicht miteinander verwandt sind, nicht die Hand geben zur Begr\u00fc\u00dfung.<\/span> Von Mann zu Mann oder von Frau zu Frau ist es allerdings die Norm. Wer also z.B. zu einem Gesch\u00e4ftstermin eingeladen ist in den Emiraten und dort mit dem anderen Geschlecht ein Meeting hat, sollte nicht die Hand geben, au\u00dfer das Gegen\u00fcber reicht die Hand zuerst.<\/p>\n<p><span class=\"style9\"><strong>Thema Umwelt <\/strong><\/span> In Dubai gibt es nicht nur f\u00fcr das zwischenmenschliche Benehmen, sondern auch im Hinblick zur Umwelt, zahlreiche Regeln. Wer in Dubai zum Beispiel Blumen oder Planzen in der \u00d6ffentlichkeit entwendet oder besch\u00e4digt, muss mit einer Strafe von mindestens AED 500 rechnen. Dubais Stadtverwaltung hat eine Inspektionsteam mit 35 Mitgliedern angestellt, die Dubai rund um den Tag kontrollieren. Die Strafen gelten f\u00fcr Touristen als auch VAE-Einwohner. Einige Beispiele:<\/p>\n<p>&#8211; Pflanzen entwenden, besch\u00e4digen \/ min. AED 500 &#8211; Spucken in der \u00d6ffentlichkeit \/ AED 500 &#8211; Abfall auf die Stra\u00dfe werfen \/ AED 500 &#8211; in der \u00d6ffentlichkeit urinieren \/ AED 500 &#8211; Sperrm\u00fcll auf die Stra\u00dfe stellen \/ AED 200<\/p>\n<p><span class=\"style9\"><strong>Thema Ramadan<\/strong><\/span> Wichtig f\u00fcr alle zu wissen ist, dass in den VAE die Verhaltensregeln in der \u00d6ffentlichkeit w\u00e4hrend des Fastenmonats f\u00fcr alle gelten, ob Muslim oder nicht, ob in den VAE lebend oder Tourist. Im Klartext bedeutet dies: W\u00e4hrend der Fastenzeit (von Sonnenauf- bis Sonnenuntergang) nicht in der \u00d6ffentlichkeit rauchen, trinken (jegliche Fl\u00fcssigkeit), essen, fluchen oder Z\u00e4rtlichkeiten mit dem Partner austauschen. Man sollte besonders darauf achten, sich konservativ zu kleiden. Die Arbeitszeiten in den VAE werden w\u00e4hrend des Ramadans in der Regel mindestens um zwei Stunden pro Tag gek\u00fcrzt.<\/p>\n<p><a href=\"https:\/\/www.staging.hallodubai.com\/category\/liebe-lust-und-laster\/\"><span class=\"blue_links\">Mehr Informationen und aktuelle Geschehnisse zu diesen Themen findet ihr jeweils in der Kategorie &#8220;Liebe, Lust und Laster&#8221;.<\/span><\/a><\/p>\n<p>&nbsp;<\/p>\n","protected":false},"excerpt":{"rendered":"<p>Darf\u00a0man das in Dubai&#8230;? Die meisten Medien scheuen sich davor, \u00fcber die Benimmregeln und die zahlreichen Verbote in den VAE zu berichten. Genau aus diesem Grund landen jedes Jahr Hunderte von Touristen und Besuchern oder auch Neuzugezogene im Gef\u00e4ngnis, weil Sie sich nicht \u00fcber die Gesetze im Land informiert haben oder sich beziehungsweise nirgendwo richtig informieren konnten. Abgesehen davon ist es auch nicht ganz einfach an diese Informationen zu kommen, eben weil kaum jemand dar\u00fcber berichtet. Angefangen von Reiseb\u00fcros und [&hellip;]<\/p>\n","protected":false},"author":11009,"featured_media":6003,"parent":0,"menu_order":0,"comment_status":"closed","ping_status":"open","template":"","meta":{"footnotes":""},"class_list":["post-5525469","page","type-page","status-publish","has-post-thumbnail","hentry"],"_links":{"self":[{"href":"https:\/\/www.staging.hallodubai.com\/en\/wp-json\/wp\/v2\/pages\/5525469","targetHints":{"allow":["GET"]}}],"collection":[{"href":"https:\/\/www.staging.hallodubai.com\/en\/wp-json\/wp\/v2\/pages"}],"about":[{"href":"https:\/\/www.staging.hallodubai.com\/en\/wp-json\/wp\/v2\/types\/page"}],"author":[{"embeddable":true,"href":"https:\/\/www.staging.hallodubai.com\/en\/wp-json\/wp\/v2\/users\/11009"}],"replies":[{"embeddable":true,"href":"https:\/\/www.staging.hallodubai.com\/en\/wp-json\/wp\/v2\/comments?post=5525469"}],"version-history":[{"count":2,"href":"https:\/\/www.staging.hallodubai.com\/en\/wp-json\/wp\/v2\/pages\/5525469\/revisions"}],"predecessor-version":[{"id":5525471,"href":"https:\/\/www.staging.hallodubai.com\/en\/wp-json\/wp\/v2\/pages\/5525469\/revisions\/5525471"}],"wp:featuredmedia":[{"embeddable":true,"href":"https:\/\/www.staging.hallodubai.com\/en\/wp-json\/wp\/v2\/media\/6003"}],"wp:attachment":[{"href":"https:\/\/www.staging.hallodubai.com\/en\/wp-json\/wp\/v2\/media?parent=5525469"}],"curies":[{"name":"wp","href":"https:\/\/api.w.org\/{rel}","templated":true}]}}