{"id":5525473,"date":"2011-10-11T08:54:25","date_gmt":"2011-10-11T04:54:25","guid":{"rendered":"https:\/\/www.staging.hallodubai.com\/?page_id=5525473"},"modified":"2024-11-07T07:21:05","modified_gmt":"2024-11-07T03:21:05","slug":"currency-converter","status":"publish","type":"page","link":"https:\/\/www.staging.hallodubai.com\/en\/currency-converter\/","title":{"rendered":"currency converter"},"content":{"rendered":"<h2 style=\"text-align: left;\"><strong>Emiratische Dirhams<\/strong><\/h2>\n<p>Hier kann man die Wechselkurse von 164 W\u00e4hrungen als auch von Silber und Gold abfragen. Die Ausgangsw\u00e4hrung und die Zielw\u00e4hrung k\u00f6nnen dabei frei bestimmt werden. <strong>Die W\u00e4hrung in den Vereinigten Arabischen Emiraten ist der Dirham, der offiziell als AED oder im Alltag auch als DHS abgek\u00fcrzt wird.<\/strong> Der emiratische Dirham ist an den US-Dollar gekoppelt. 1 Dirham wird in 100 Fils unterteilt.<\/p>\n<p><a title=\"Geld \u00fcberweisen: Geld sparen bei Auslands\u00fcberweisung und Devisenkauf\" href=\"https:\/\/www.staging.hallodubai.com\/geld-ueberweisen-geld-sparen-bei-auslandsueberweisung-und-devisenkauf.html\">Wer Dirhams kaufen m\u00f6chte f\u00fcr den Urlaub oder f\u00fcr eine Investition in den Emiraten, kann dies hier tun.<\/a><\/p>\n<p>Scheine haben folgende Werte: 5, 10, 20, 50, 100, 200, 500, 1000 Dirhams. Die Werte der M\u00fcnzen sind: 1 Dirham, 50 Fils, 25 Fils, 10 Fils und 5 Fils. Vor Ort erh\u00e4lt man die besten Wechselkurse generell in den zahlreichen Wechselstuben. Auch am Flughafen gibt es Wechselstuben in allen Terminals bei Ankunft als auch Ausreise. In den Emiraten bezahlt man am besten mit der einheimischen W\u00e4hrung.<\/p>\n<div id=\"oanda_ecc\" style=\"width: 300px; display: block; margin: auto;\"><!-- IF YOU ALTER OR REMOVE THE FOLLOWING CODE, THE EMBEDDED WIDGET WILL NOT WORK. --><span style=\"color: #000; text-decoration: none; font-size: 9px;\"><a id=\"oanda_cc_link\" href=\"https:\/\/www.oanda.com\/lang\/de\/currency\/converter\/\" target=\"_blank\" rel=\"noopener\">W\u00e4hrungsrechner<\/a> bei OANDA<\/span><script type=\"text\/javascript\" src=\"https:\/\/www.oanda.com\/embedded\/converter\/get\/ZmVyZG9vei8vZGVmYXVsdA==\/?lang=de\"><\/script><\/div>\n","protected":false},"excerpt":{"rendered":"<p>Emiratische Dirhams Hier kann man die Wechselkurse von 164 W\u00e4hrungen als auch von Silber und Gold abfragen. Die Ausgangsw\u00e4hrung und die Zielw\u00e4hrung k\u00f6nnen dabei frei bestimmt werden. Die W\u00e4hrung in den Vereinigten Arabischen Emiraten ist der Dirham, der offiziell als AED oder im Alltag auch als DHS abgek\u00fcrzt wird. Der emiratische Dirham ist an den US-Dollar gekoppelt. 1 Dirham wird in 100 Fils unterteilt. Wer Dirhams kaufen m\u00f6chte f\u00fcr den Urlaub oder f\u00fcr eine Investition in den Emiraten, kann dies [&hellip;]<\/p>\n","protected":false},"author":11009,"featured_media":500,"parent":0,"menu_order":0,"comment_status":"closed","ping_status":"open","template":"","meta":{"footnotes":""},"class_list":["post-5525473","page","type-page","status-publish","has-post-thumbnail","hentry"],"_links":{"self":[{"href":"https:\/\/www.staging.hallodubai.com\/en\/wp-json\/wp\/v2\/pages\/5525473","targetHints":{"allow":["GET"]}}],"collection":[{"href":"https:\/\/www.staging.hallodubai.com\/en\/wp-json\/wp\/v2\/pages"}],"about":[{"href":"https:\/\/www.staging.hallodubai.com\/en\/wp-json\/wp\/v2\/types\/page"}],"author":[{"embeddable":true,"href":"https:\/\/www.staging.hallodubai.com\/en\/wp-json\/wp\/v2\/users\/11009"}],"replies":[{"embeddable":true,"href":"https:\/\/www.staging.hallodubai.com\/en\/wp-json\/wp\/v2\/comments?post=5525473"}],"version-history":[{"count":1,"href":"https:\/\/www.staging.hallodubai.com\/en\/wp-json\/wp\/v2\/pages\/5525473\/revisions"}],"predecessor-version":[{"id":5525474,"href":"https:\/\/www.staging.hallodubai.com\/en\/wp-json\/wp\/v2\/pages\/5525473\/revisions\/5525474"}],"wp:featuredmedia":[{"embeddable":true,"href":"https:\/\/www.staging.hallodubai.com\/en\/wp-json\/wp\/v2\/media\/500"}],"wp:attachment":[{"href":"https:\/\/www.staging.hallodubai.com\/en\/wp-json\/wp\/v2\/media?parent=5525473"}],"curies":[{"name":"wp","href":"https:\/\/api.w.org\/{rel}","templated":true}]}}